{"id":73223,"date":"2024-03-22T23:22:50","date_gmt":"2024-03-22T22:22:50","guid":{"rendered":"https:\/\/abinox-chr-clim.com\/index.php\/product\/mixeur-plongeant-quik-stix-waring-wsb33xe\/"},"modified":"2026-04-15T09:07:23","modified_gmt":"2026-04-15T07:07:23","slug":"mixeur-plongeant-quik-stix-waring-wsb33xe","status":"publish","type":"product","link":"https:\/\/abinox-chr-clim.com\/index.php\/product\/mixeur-plongeant-quik-stix-waring-wsb33xe\/","title":{"rendered":"Mixeur plongeant Quik Stix Waring WSB33XE"},"content":{"rendered":"<p>L\u00e9ger, efficace et compact. Ce mixeur convient tout particuli\u00e8rement aux applications professionnelles \u00e0 faible densit\u00e9 des caf\u00e9s et bars, par exemple.<br \/>Moteur \u00e0 deux vitesses pour une pr\u00e9cision de m\u00e9lange am\u00e9lior\u00e9e. R\u00e9f\u00e9rence soumise \u00e0 une Eco-participation mobilier de 0.07\u20ac par unit\u00e9 vendue. Le cordon d&rsquo;alimentation grande longueur de 1,85 m offre plus de latitude. Conception facile \u00e0 nettoyer permettant de gagner du temps. Convient pour un usage commercial l\u00e9ger ou pour la cuisine \u00e0 la maison. Tube de 178 mm &#8211; m\u00e9langez jusqu&rsquo;\u00e0 11,4 litres d&rsquo;ingr\u00e9dients \u00e0 la fois. Conception l\u00e9g\u00e8re et ergonomique pour une utilisation confortable. La lame en acier inoxydable ultra r\u00e9sistante m\u00e9lange les aliments sans effort en quelques secondes. Moteur \u00e0 deux vitesses pour une pr\u00e9cision de m\u00e9lange am\u00e9lior\u00e9e.<\/p>\n<p>Caract\u00e9ristiques :<br \/> Capacit\u00e9 : 11,4 L.<br \/> Dimensions : 406(H) x 113(\u00d8) mm.<br \/> Mati\u00e8re : Acier inoxydable, caoutchouc.<br \/> Vitesse : 2 vitesses: 15 500 et 20 500 tr\/min.<br \/> Voltage : 230V.<br \/> Couleur : Noir et acier inoxydable.<\/p>\n","protected":false},"excerpt":{"rendered":"<div><img decoding=\"async\" src=\"https:\/\/abinox-chr-clim.com\/wp-content\/uploads\/2024\/03\/abinox-garantie-1-an.webp\" width=\"150px\"\/><\/div>\n<p>Mixeur plongeant Quik Stix Waring WSB33XE<\/p>\n","protected":false},"featured_media":104367,"comment_status":"closed","ping_status":"closed","template":"","meta":[],"product_brand":[],"product_cat":[1161,1160,1163,1297],"product_tag":[],"class_list":{"0":"post-73223","1":"product","2":"type-product","3":"status-publish","4":"has-post-thumbnail","6":"product_cat-blenders-et-mixeurs-plongeants","7":"product_cat-materiel-electrique-et-de-cuisson","8":"product_cat-mixeurs-plongeants","9":"product_cat-non-palettisable","10":"product_shipping_class-free-shipping","12":"first","13":"outofstock","14":"featured","15":"taxable","16":"shipping-taxable","17":"purchasable","18":"product-type-simple"},"_links":{"self":[{"href":"https:\/\/abinox-chr-clim.com\/index.php\/wp-json\/wp\/v2\/product\/73223","targetHints":{"allow":["GET"]}}],"collection":[{"href":"https:\/\/abinox-chr-clim.com\/index.php\/wp-json\/wp\/v2\/product"}],"about":[{"href":"https:\/\/abinox-chr-clim.com\/index.php\/wp-json\/wp\/v2\/types\/product"}],"replies":[{"embeddable":true,"href":"https:\/\/abinox-chr-clim.com\/index.php\/wp-json\/wp\/v2\/comments?post=73223"}],"wp:featuredmedia":[{"embeddable":true,"href":"https:\/\/abinox-chr-clim.com\/index.php\/wp-json\/wp\/v2\/media\/104367"}],"wp:attachment":[{"href":"https:\/\/abinox-chr-clim.com\/index.php\/wp-json\/wp\/v2\/media?parent=73223"}],"wp:term":[{"taxonomy":"product_brand","embeddable":true,"href":"https:\/\/abinox-chr-clim.com\/index.php\/wp-json\/wp\/v2\/product_brand?post=73223"},{"taxonomy":"product_cat","embeddable":true,"href":"https:\/\/abinox-chr-clim.com\/index.php\/wp-json\/wp\/v2\/product_cat?post=73223"},{"taxonomy":"product_tag","embeddable":true,"href":"https:\/\/abinox-chr-clim.com\/index.php\/wp-json\/wp\/v2\/product_tag?post=73223"}],"curies":[{"name":"wp","href":"https:\/\/api.w.org\/{rel}","templated":true}]}}