{"id":73218,"date":"2024-03-22T23:22:46","date_gmt":"2024-03-22T22:22:46","guid":{"rendered":"https:\/\/abinox-chr-clim.com\/index.php\/product\/filets-a-barbe-bleus-lion-haircare-lot-de-50\/"},"modified":"2026-04-29T10:39:52","modified_gmt":"2026-04-29T08:39:52","slug":"filets-a-barbe-bleus-lion-haircare-lot-de-50","status":"publish","type":"product","link":"https:\/\/abinox-chr-clim.com\/index.php\/product\/filets-a-barbe-bleus-lion-haircare-lot-de-50\/","title":{"rendered":"Filets \u00e0 barbe bleus Lion Haircare  (Lot de 50)"},"content":{"rendered":"<p>Filets de protection respirants en polypropyl\u00e8ne permettant une excellente \u00e9vacuation de l&rsquo;humidit\u00e9.<br \/>Permet d&rsquo;\u00e9viter que la vaisselle ne soit contamin\u00e9e par des poils de barbe \u00e9gar\u00e9s lors de la pr\u00e9paration des aliments.Les propri\u00e9t\u00e9s d&rsquo;\u00e9vacuation de l&rsquo;humidit\u00e9 du fil garantissent le confort en cas de port prolong\u00e9. Taille unique. Les mailles serr\u00e9es de 5 mm am\u00e9liorent la circulation de l&rsquo;air pour vous garder au frais. La sensation de fra\u00eecheur et de confort signifie que vous \u00eates moins enclin \u00e0 le toucher et \u00e0 l&rsquo;ajuster. Le fil en polypropyl\u00e8ne Oeko-Tex\u00ae est \u00e9cologiquement inoffensif et doux pour la peau.Permet d&rsquo;\u00e9viter que la vaisselle ne soit contamin\u00e9e par des poils de barbe \u00e9gar\u00e9s lors de la pr\u00e9paration des aliments.<\/p>\n<p>Caract\u00e9ristiques :<br \/>Lot : 50.<br \/> Mati\u00e8re : Polypropyl\u00e8ne.<br \/> Couleur : Bleu clair.<\/p>\n","protected":false},"excerpt":{"rendered":"<p>Filets \u00e0 barbe bleus Lion Haircare  (Lot de 50)<\/p>\n","protected":false},"featured_media":76061,"comment_status":"closed","ping_status":"closed","template":"","meta":[],"product_brand":[],"product_cat":[1297,1269,1274,1257],"product_tag":[],"class_list":{"0":"post-73218","1":"product","2":"type-product","3":"status-publish","4":"has-post-thumbnail","6":"product_cat-non-palettisable","7":"product_cat-uniformes-de-service","8":"product_cat-vetements-de-protection","9":"product_cat-vetements-et-chaussures","10":"product_shipping_class-free-shipping","12":"first","13":"instock","14":"featured","15":"taxable","16":"shipping-taxable","17":"purchasable","18":"product-type-simple"},"_links":{"self":[{"href":"https:\/\/abinox-chr-clim.com\/index.php\/wp-json\/wp\/v2\/product\/73218","targetHints":{"allow":["GET"]}}],"collection":[{"href":"https:\/\/abinox-chr-clim.com\/index.php\/wp-json\/wp\/v2\/product"}],"about":[{"href":"https:\/\/abinox-chr-clim.com\/index.php\/wp-json\/wp\/v2\/types\/product"}],"replies":[{"embeddable":true,"href":"https:\/\/abinox-chr-clim.com\/index.php\/wp-json\/wp\/v2\/comments?post=73218"}],"wp:featuredmedia":[{"embeddable":true,"href":"https:\/\/abinox-chr-clim.com\/index.php\/wp-json\/wp\/v2\/media\/76061"}],"wp:attachment":[{"href":"https:\/\/abinox-chr-clim.com\/index.php\/wp-json\/wp\/v2\/media?parent=73218"}],"wp:term":[{"taxonomy":"product_brand","embeddable":true,"href":"https:\/\/abinox-chr-clim.com\/index.php\/wp-json\/wp\/v2\/product_brand?post=73218"},{"taxonomy":"product_cat","embeddable":true,"href":"https:\/\/abinox-chr-clim.com\/index.php\/wp-json\/wp\/v2\/product_cat?post=73218"},{"taxonomy":"product_tag","embeddable":true,"href":"https:\/\/abinox-chr-clim.com\/index.php\/wp-json\/wp\/v2\/product_tag?post=73218"}],"curies":[{"name":"wp","href":"https:\/\/api.w.org\/{rel}","templated":true}]}}