{"id":73204,"date":"2024-03-22T23:22:40","date_gmt":"2024-03-22T22:22:40","guid":{"rendered":"https:\/\/abinox-chr-clim.com\/index.php\/product\/gants-antifroid\/"},"modified":"2026-04-02T08:28:47","modified_gmt":"2026-04-02T06:28:47","slug":"gants-antifroid","status":"publish","type":"product","link":"https:\/\/abinox-chr-clim.com\/index.php\/product\/gants-antifroid\/","title":{"rendered":"Gants antifroid"},"content":{"rendered":"<p>Des gants antifroid sp\u00e9cialement con\u00e7us pour une utilisation dans des conditions froides. Un fini en latex pliss\u00e9 permet une excellente adh\u00e9rence, tandis que le rev\u00eatement acrylique de niveau sept assure de protection contre les dangers du froid. Prot\u00e8gent contre des temp\u00e9ratures de -20\u00b0C. Vendus par paire.<br \/>Taille unique.Vous aider \u00e0 manipuler en toute s\u00e9curit\u00e9 des produits surgel\u00e9s. Prot\u00e8gent contre des temp\u00e9ratures de -20 \u00b0 C. Taille unique. .<br \/> Caract\u00e9ristiques :<br \/> Mati\u00e8re : Latex.<br \/> Couleur : Orange\/bleu.<\/p>\n","protected":false},"excerpt":{"rendered":"<p>Gants antifroid<\/p>\n","protected":false},"featured_media":79653,"comment_status":"closed","ping_status":"closed","template":"","meta":[],"product_brand":[],"product_cat":[1297,1272,1269,1257],"product_tag":[],"class_list":{"0":"post-73204","1":"product","2":"type-product","3":"status-publish","4":"has-post-thumbnail","6":"product_cat-non-palettisable","7":"product_cat-tabliers-uniformes-de-service","8":"product_cat-uniformes-de-service","9":"product_cat-vetements-et-chaussures","10":"product_shipping_class-free-shipping","12":"first","13":"instock","14":"featured","15":"taxable","16":"shipping-taxable","17":"purchasable","18":"product-type-simple"},"_links":{"self":[{"href":"https:\/\/abinox-chr-clim.com\/index.php\/wp-json\/wp\/v2\/product\/73204","targetHints":{"allow":["GET"]}}],"collection":[{"href":"https:\/\/abinox-chr-clim.com\/index.php\/wp-json\/wp\/v2\/product"}],"about":[{"href":"https:\/\/abinox-chr-clim.com\/index.php\/wp-json\/wp\/v2\/types\/product"}],"replies":[{"embeddable":true,"href":"https:\/\/abinox-chr-clim.com\/index.php\/wp-json\/wp\/v2\/comments?post=73204"}],"wp:featuredmedia":[{"embeddable":true,"href":"https:\/\/abinox-chr-clim.com\/index.php\/wp-json\/wp\/v2\/media\/79653"}],"wp:attachment":[{"href":"https:\/\/abinox-chr-clim.com\/index.php\/wp-json\/wp\/v2\/media?parent=73204"}],"wp:term":[{"taxonomy":"product_brand","embeddable":true,"href":"https:\/\/abinox-chr-clim.com\/index.php\/wp-json\/wp\/v2\/product_brand?post=73204"},{"taxonomy":"product_cat","embeddable":true,"href":"https:\/\/abinox-chr-clim.com\/index.php\/wp-json\/wp\/v2\/product_cat?post=73204"},{"taxonomy":"product_tag","embeddable":true,"href":"https:\/\/abinox-chr-clim.com\/index.php\/wp-json\/wp\/v2\/product_tag?post=73204"}],"curies":[{"name":"wp","href":"https:\/\/api.w.org\/{rel}","templated":true}]}}