{"id":73203,"date":"2024-03-22T23:22:39","date_gmt":"2024-03-22T22:22:39","guid":{"rendered":"https:\/\/abinox-chr-clim.com\/index.php\/product\/tablier-bavette-en-coton-southside-gris-delave\/"},"modified":"2025-06-30T11:34:19","modified_gmt":"2025-06-30T09:34:19","slug":"tablier-bavette-en-coton-southside-gris-delave","status":"publish","type":"product","link":"https:\/\/abinox-chr-clim.com\/index.php\/product\/tablier-bavette-en-coton-southside-gris-delave\/","title":{"rendered":"Tablier bavette en coton Southside gris d\u00e9lav\u00e9"},"content":{"rendered":"<p>Tablier bavette mixte contemporain, parfait pour la cuisine et la salle. Le tissu respirant et l\u00e9ger est parfaitement adapt\u00e9 pour une utilisation dans des environnements chauds et au rythme soutenu.<br \/>D\u00e9tails m\u00e9talliques en acier finition laiton vieilli. Coloris tendance. Aspect d\u00e9lav\u00e9 contemporain. A m\u00e9langer et assortir avec d&rsquo;autres coloris de la gamme. Lavage \u00e0 40 degr\u00e9s. Repassage moyen. S\u00e9chage au s\u00e8che-linge temp\u00e9rature moyenne. Mixte.  D\u00e9tails m\u00e9talliques en acier finition laiton vieilli.<\/p>\n<p>Caract\u00e9ristiques :<br \/> Dimensions : 780(L) x 910(L) mm.<br \/> Mati\u00e8re : 100% coton.<br \/> Poids du tissu : 230g\/m\u00b2.<br \/> Couleur : Gris.<\/p>\n","protected":false},"excerpt":{"rendered":"<p>Tablier bavette en coton Southside gris d\u00e9lav\u00e9<\/p>\n","protected":false},"featured_media":78250,"comment_status":"closed","ping_status":"closed","template":"","meta":[],"product_brand":[],"product_cat":[1297,1272,1269,1257],"product_tag":[],"class_list":{"0":"post-73203","1":"product","2":"type-product","3":"status-publish","4":"has-post-thumbnail","6":"product_cat-non-palettisable","7":"product_cat-tabliers-uniformes-de-service","8":"product_cat-uniformes-de-service","9":"product_cat-vetements-et-chaussures","10":"product_shipping_class-free-shipping","12":"first","13":"outofstock","14":"featured","15":"taxable","16":"shipping-taxable","17":"purchasable","18":"product-type-simple"},"_links":{"self":[{"href":"https:\/\/abinox-chr-clim.com\/index.php\/wp-json\/wp\/v2\/product\/73203","targetHints":{"allow":["GET"]}}],"collection":[{"href":"https:\/\/abinox-chr-clim.com\/index.php\/wp-json\/wp\/v2\/product"}],"about":[{"href":"https:\/\/abinox-chr-clim.com\/index.php\/wp-json\/wp\/v2\/types\/product"}],"replies":[{"embeddable":true,"href":"https:\/\/abinox-chr-clim.com\/index.php\/wp-json\/wp\/v2\/comments?post=73203"}],"wp:featuredmedia":[{"embeddable":true,"href":"https:\/\/abinox-chr-clim.com\/index.php\/wp-json\/wp\/v2\/media\/78250"}],"wp:attachment":[{"href":"https:\/\/abinox-chr-clim.com\/index.php\/wp-json\/wp\/v2\/media?parent=73203"}],"wp:term":[{"taxonomy":"product_brand","embeddable":true,"href":"https:\/\/abinox-chr-clim.com\/index.php\/wp-json\/wp\/v2\/product_brand?post=73203"},{"taxonomy":"product_cat","embeddable":true,"href":"https:\/\/abinox-chr-clim.com\/index.php\/wp-json\/wp\/v2\/product_cat?post=73203"},{"taxonomy":"product_tag","embeddable":true,"href":"https:\/\/abinox-chr-clim.com\/index.php\/wp-json\/wp\/v2\/product_tag?post=73203"}],"curies":[{"name":"wp","href":"https:\/\/api.w.org\/{rel}","templated":true}]}}