{"id":73199,"date":"2024-03-22T23:22:38","date_gmt":"2024-03-22T22:22:38","guid":{"rendered":"https:\/\/abinox-chr-clim.com\/index.php\/product\/tablier-bavette-whites-rouge\/"},"modified":"2026-04-02T09:37:56","modified_gmt":"2026-04-02T07:37:56","slug":"tablier-bavette-whites-rouge","status":"publish","type":"product","link":"https:\/\/abinox-chr-clim.com\/index.php\/product\/tablier-bavette-whites-rouge\/","title":{"rendered":"Tablier bavette Whites rouge"},"content":{"rendered":"<p>Tabliers bavette \u00e9l\u00e9gants et pratiques, parfaits pour une utilisation en salle par les chefs et le personnel de service. Faites votre choix parmi les mod\u00e8les de diff\u00e9rentes couleurs et motifs de la gamme de tabliers bavette Whites pour compl\u00e9ter votre uniforme.<br \/>Mat\u00e9riau l\u00e9ger et tr\u00e8s r\u00e9sistant. Poche \u00e0 l&rsquo;avant, id\u00e9al pour le service et l&rsquo;encaissement. Mat\u00e9riau l\u00e9ger et tr\u00e8s r\u00e9sistant.<\/p>\n<p>Caract\u00e9ristiques :<br \/> Dimensions : 711(L) x 965(L) mm.<br \/> Mati\u00e8re : Polycoton<\/p>\n","protected":false},"excerpt":{"rendered":"<p>Tablier bavette Whites rouge<\/p>\n","protected":false},"featured_media":77977,"comment_status":"closed","ping_status":"closed","template":"","meta":[],"product_brand":[],"product_cat":[1297,1272,1269,1257],"product_tag":[],"class_list":{"0":"post-73199","1":"product","2":"type-product","3":"status-publish","4":"has-post-thumbnail","6":"product_cat-non-palettisable","7":"product_cat-tabliers-uniformes-de-service","8":"product_cat-uniformes-de-service","9":"product_cat-vetements-et-chaussures","10":"product_shipping_class-free-shipping","12":"first","13":"instock","14":"featured","15":"taxable","16":"shipping-taxable","17":"purchasable","18":"product-type-simple"},"_links":{"self":[{"href":"https:\/\/abinox-chr-clim.com\/index.php\/wp-json\/wp\/v2\/product\/73199","targetHints":{"allow":["GET"]}}],"collection":[{"href":"https:\/\/abinox-chr-clim.com\/index.php\/wp-json\/wp\/v2\/product"}],"about":[{"href":"https:\/\/abinox-chr-clim.com\/index.php\/wp-json\/wp\/v2\/types\/product"}],"replies":[{"embeddable":true,"href":"https:\/\/abinox-chr-clim.com\/index.php\/wp-json\/wp\/v2\/comments?post=73199"}],"wp:featuredmedia":[{"embeddable":true,"href":"https:\/\/abinox-chr-clim.com\/index.php\/wp-json\/wp\/v2\/media\/77977"}],"wp:attachment":[{"href":"https:\/\/abinox-chr-clim.com\/index.php\/wp-json\/wp\/v2\/media?parent=73199"}],"wp:term":[{"taxonomy":"product_brand","embeddable":true,"href":"https:\/\/abinox-chr-clim.com\/index.php\/wp-json\/wp\/v2\/product_brand?post=73199"},{"taxonomy":"product_cat","embeddable":true,"href":"https:\/\/abinox-chr-clim.com\/index.php\/wp-json\/wp\/v2\/product_cat?post=73199"},{"taxonomy":"product_tag","embeddable":true,"href":"https:\/\/abinox-chr-clim.com\/index.php\/wp-json\/wp\/v2\/product_tag?post=73199"}],"curies":[{"name":"wp","href":"https:\/\/api.w.org\/{rel}","templated":true}]}}