{"id":73198,"date":"2024-03-22T23:22:37","date_gmt":"2024-03-22T22:22:37","guid":{"rendered":"https:\/\/abinox-chr-clim.com\/index.php\/product\/tablier-serveur-southside-denim-bleu-et-ceinture-ocre\/"},"modified":"2026-04-02T09:37:55","modified_gmt":"2026-04-02T07:37:55","slug":"tablier-serveur-southside-denim-bleu-et-ceinture-ocre","status":"publish","type":"product","link":"https:\/\/abinox-chr-clim.com\/index.php\/product\/tablier-serveur-southside-denim-bleu-et-ceinture-ocre\/","title":{"rendered":"Tablier serveur Southside denim bleu et ceinture ocre"},"content":{"rendered":"<p>Tabliers en polyester-coton de haute qualit\u00e9 durables et \u00e9l\u00e9gants pour une utilisation en salle. Lavables en blanchisserie industrielle.<br \/>Mat\u00e9riau denim tr\u00e8s r\u00e9sistant et durable. Lavable en machine. Liens et coutures contrast\u00e9s attrayants. Les liens permettent un ajustement confortable pour la plupart des employ\u00e9s. Grande poche avant pour les objets essentiels.  Mat\u00e9riau denim tr\u00e8s r\u00e9sistant et durable.<\/p>\n<p>Caract\u00e9ristiques :<br \/> Dimensions : 700(L) x 430(L) mm.<br \/> Mati\u00e8re : Polycoton.<br \/> Couleur : Bleu.<\/p>\n","protected":false},"excerpt":{"rendered":"<p>Tablier serveur Southside denim bleu et ceinture ocre<\/p>\n","protected":false},"featured_media":77966,"comment_status":"closed","ping_status":"closed","template":"","meta":[],"product_brand":[],"product_cat":[1297,1272,1269,1257],"product_tag":[],"class_list":{"0":"post-73198","1":"product","2":"type-product","3":"status-publish","4":"has-post-thumbnail","6":"product_cat-non-palettisable","7":"product_cat-tabliers-uniformes-de-service","8":"product_cat-uniformes-de-service","9":"product_cat-vetements-et-chaussures","10":"product_shipping_class-free-shipping","12":"first","13":"instock","14":"featured","15":"taxable","16":"shipping-taxable","17":"purchasable","18":"product-type-simple"},"_links":{"self":[{"href":"https:\/\/abinox-chr-clim.com\/index.php\/wp-json\/wp\/v2\/product\/73198","targetHints":{"allow":["GET"]}}],"collection":[{"href":"https:\/\/abinox-chr-clim.com\/index.php\/wp-json\/wp\/v2\/product"}],"about":[{"href":"https:\/\/abinox-chr-clim.com\/index.php\/wp-json\/wp\/v2\/types\/product"}],"replies":[{"embeddable":true,"href":"https:\/\/abinox-chr-clim.com\/index.php\/wp-json\/wp\/v2\/comments?post=73198"}],"wp:featuredmedia":[{"embeddable":true,"href":"https:\/\/abinox-chr-clim.com\/index.php\/wp-json\/wp\/v2\/media\/77966"}],"wp:attachment":[{"href":"https:\/\/abinox-chr-clim.com\/index.php\/wp-json\/wp\/v2\/media?parent=73198"}],"wp:term":[{"taxonomy":"product_brand","embeddable":true,"href":"https:\/\/abinox-chr-clim.com\/index.php\/wp-json\/wp\/v2\/product_brand?post=73198"},{"taxonomy":"product_cat","embeddable":true,"href":"https:\/\/abinox-chr-clim.com\/index.php\/wp-json\/wp\/v2\/product_cat?post=73198"},{"taxonomy":"product_tag","embeddable":true,"href":"https:\/\/abinox-chr-clim.com\/index.php\/wp-json\/wp\/v2\/product_tag?post=73198"}],"curies":[{"name":"wp","href":"https:\/\/api.w.org\/{rel}","templated":true}]}}