{"id":73195,"date":"2024-03-22T23:22:36","date_gmt":"2024-03-22T22:22:36","guid":{"rendered":"https:\/\/abinox-chr-clim.com\/index.php\/product\/tablier-serveur-court-whites-bordeaux\/"},"modified":"2026-04-02T09:37:54","modified_gmt":"2026-04-02T07:37:54","slug":"tablier-serveur-court-whites-bordeaux","status":"publish","type":"product","link":"https:\/\/abinox-chr-clim.com\/index.php\/product\/tablier-serveur-court-whites-bordeaux\/","title":{"rendered":"Tablier serveur court Whites bordeaux"},"content":{"rendered":"<p>Tabliers en polyester-coton de haute qualit\u00e9 durables et \u00e9l\u00e9gants pour une utilisation en salle. Lavables en blanchisserie industrielle.<br \/>Mat\u00e9riau l\u00e9ger et tr\u00e8s r\u00e9sistant. Poche \u00e0 l&rsquo;avant, id\u00e9al pour le service et l&rsquo;encaissement. Mat\u00e9riau l\u00e9ger et tr\u00e8s r\u00e9sistant.<\/p>\n<p>Caract\u00e9ristiques :<br \/> Dimensions : 750(L) x 373(L) mm.<br \/> Mati\u00e8re : Polycoton<\/p>\n","protected":false},"excerpt":{"rendered":"<p>Tablier serveur court Whites bordeaux<\/p>\n","protected":false},"featured_media":77157,"comment_status":"closed","ping_status":"closed","template":"","meta":[],"product_brand":[],"product_cat":[1297,1272,1269,1257],"product_tag":[],"class_list":{"0":"post-73195","1":"product","2":"type-product","3":"status-publish","4":"has-post-thumbnail","6":"product_cat-non-palettisable","7":"product_cat-tabliers-uniformes-de-service","8":"product_cat-uniformes-de-service","9":"product_cat-vetements-et-chaussures","10":"product_shipping_class-free-shipping","12":"first","13":"instock","14":"featured","15":"taxable","16":"shipping-taxable","17":"purchasable","18":"product-type-simple"},"_links":{"self":[{"href":"https:\/\/abinox-chr-clim.com\/index.php\/wp-json\/wp\/v2\/product\/73195","targetHints":{"allow":["GET"]}}],"collection":[{"href":"https:\/\/abinox-chr-clim.com\/index.php\/wp-json\/wp\/v2\/product"}],"about":[{"href":"https:\/\/abinox-chr-clim.com\/index.php\/wp-json\/wp\/v2\/types\/product"}],"replies":[{"embeddable":true,"href":"https:\/\/abinox-chr-clim.com\/index.php\/wp-json\/wp\/v2\/comments?post=73195"}],"wp:featuredmedia":[{"embeddable":true,"href":"https:\/\/abinox-chr-clim.com\/index.php\/wp-json\/wp\/v2\/media\/77157"}],"wp:attachment":[{"href":"https:\/\/abinox-chr-clim.com\/index.php\/wp-json\/wp\/v2\/media?parent=73195"}],"wp:term":[{"taxonomy":"product_brand","embeddable":true,"href":"https:\/\/abinox-chr-clim.com\/index.php\/wp-json\/wp\/v2\/product_brand?post=73195"},{"taxonomy":"product_cat","embeddable":true,"href":"https:\/\/abinox-chr-clim.com\/index.php\/wp-json\/wp\/v2\/product_cat?post=73195"},{"taxonomy":"product_tag","embeddable":true,"href":"https:\/\/abinox-chr-clim.com\/index.php\/wp-json\/wp\/v2\/product_tag?post=73195"}],"curies":[{"name":"wp","href":"https:\/\/api.w.org\/{rel}","templated":true}]}}