{"id":73188,"date":"2024-03-22T23:22:31","date_gmt":"2024-03-22T22:22:31","guid":{"rendered":"https:\/\/abinox-chr-clim.com\/index.php\/product\/tablier-bavette-denim-southside-noir\/"},"modified":"2026-04-02T09:32:21","modified_gmt":"2026-04-02T07:32:21","slug":"tablier-bavette-denim-southside-noir","status":"publish","type":"product","link":"https:\/\/abinox-chr-clim.com\/index.php\/product\/tablier-bavette-denim-southside-noir\/","title":{"rendered":"Tablier bavette denim Southside noir"},"content":{"rendered":"<p>Modernisez votre code vestimentaire avec ce tablier en polyester-coton aux tresses contrast\u00e9es. Dispose d&rsquo;un tour de cou r\u00e9glable pour un ajustement id\u00e9al et d&rsquo;une grande poche frontale double pour garder vos essentiels \u00e0 port\u00e9e de main. Taille (mm): 700(l) x 1000(L).<br \/>Coutures contrast\u00e9es. Tresses contrast\u00e9es. Tour de cou r\u00e9glable. Poche frontale double. Coutures contrast\u00e9es.<\/p>\n<p>Caract\u00e9ristiques :<br \/> Dimensions : 700(L) x 1000(L) mm.<br \/> Mati\u00e8re : Polycoton.<br \/> Couleur : Noir.<\/p>\n","protected":false},"excerpt":{"rendered":"<p>Tablier bavette denim Southside noir<\/p>\n","protected":false},"featured_media":76438,"comment_status":"closed","ping_status":"closed","template":"","meta":[],"product_brand":[],"product_cat":[1297,1272,1269,1257],"product_tag":[],"class_list":{"0":"post-73188","1":"product","2":"type-product","3":"status-publish","4":"has-post-thumbnail","6":"product_cat-non-palettisable","7":"product_cat-tabliers-uniformes-de-service","8":"product_cat-uniformes-de-service","9":"product_cat-vetements-et-chaussures","10":"product_shipping_class-free-shipping","12":"first","13":"instock","14":"featured","15":"taxable","16":"shipping-taxable","17":"purchasable","18":"product-type-simple"},"_links":{"self":[{"href":"https:\/\/abinox-chr-clim.com\/index.php\/wp-json\/wp\/v2\/product\/73188","targetHints":{"allow":["GET"]}}],"collection":[{"href":"https:\/\/abinox-chr-clim.com\/index.php\/wp-json\/wp\/v2\/product"}],"about":[{"href":"https:\/\/abinox-chr-clim.com\/index.php\/wp-json\/wp\/v2\/types\/product"}],"replies":[{"embeddable":true,"href":"https:\/\/abinox-chr-clim.com\/index.php\/wp-json\/wp\/v2\/comments?post=73188"}],"wp:featuredmedia":[{"embeddable":true,"href":"https:\/\/abinox-chr-clim.com\/index.php\/wp-json\/wp\/v2\/media\/76438"}],"wp:attachment":[{"href":"https:\/\/abinox-chr-clim.com\/index.php\/wp-json\/wp\/v2\/media?parent=73188"}],"wp:term":[{"taxonomy":"product_brand","embeddable":true,"href":"https:\/\/abinox-chr-clim.com\/index.php\/wp-json\/wp\/v2\/product_brand?post=73188"},{"taxonomy":"product_cat","embeddable":true,"href":"https:\/\/abinox-chr-clim.com\/index.php\/wp-json\/wp\/v2\/product_cat?post=73188"},{"taxonomy":"product_tag","embeddable":true,"href":"https:\/\/abinox-chr-clim.com\/index.php\/wp-json\/wp\/v2\/product_tag?post=73188"}],"curies":[{"name":"wp","href":"https:\/\/api.w.org\/{rel}","templated":true}]}}