{"id":73184,"date":"2024-03-22T23:22:30","date_gmt":"2024-03-22T22:22:30","guid":{"rendered":"https:\/\/abinox-chr-clim.com\/index.php\/product\/tablier-bavette-avec-deux-poches-plaquees-chef-works-noir\/"},"modified":"2026-04-02T10:10:00","modified_gmt":"2026-04-02T08:10:00","slug":"tablier-bavette-avec-deux-poches-plaquees-chef-works-noir","status":"publish","type":"product","link":"https:\/\/abinox-chr-clim.com\/index.php\/product\/tablier-bavette-avec-deux-poches-plaquees-chef-works-noir\/","title":{"rendered":"Tablier bavette avec deux poches plaqu\u00e9es Chef Works noir"},"content":{"rendered":"<p>2 poches plaqu\u00e9es pour un rangement pratique. Tour de cou r\u00e9glable pour plus de confort. Longueur plus longue pour une protection uniforme efficace. M\u00e9lange de polyester durable et de coton doux (65 % polyester 35 % coton). Noir classique pour les \u00e9tablissements \u00e9l\u00e9gants ou pour ajouter du style aux restaurants d\u00e9contract\u00e9s. L\u00e9ger (poids du tissu 175 g\/m\u00b2) et facile \u00e0 nettoyer. La broderie n&rsquo;est actuellement pas disponible sur cet article. M\u00e9lange de polycoton \u00e0 s\u00e9chage rapide.2 poches plaqu\u00e9es pour un rangement pratique.<\/p>\n<p>Caract\u00e9ristiques :<br \/> Dimensions : 610(L) x 775(L) mm.<br \/> Mati\u00e8re : Polycoton.<br \/> Poids du tissu : 175g\/m\u00b2.<br \/> Couleur : Noir.<\/p>\n","protected":false},"excerpt":{"rendered":"<p>Tablier bavette avec deux poches plaqu\u00e9es Chef Works noir<\/p>\n","protected":false},"featured_media":76377,"comment_status":"closed","ping_status":"closed","template":"","meta":[],"product_brand":[],"product_cat":[1297,1272,1269,1257],"product_tag":[],"class_list":{"0":"post-73184","1":"product","2":"type-product","3":"status-publish","4":"has-post-thumbnail","6":"product_cat-non-palettisable","7":"product_cat-tabliers-uniformes-de-service","8":"product_cat-uniformes-de-service","9":"product_cat-vetements-et-chaussures","10":"product_shipping_class-free-shipping","12":"first","13":"instock","14":"featured","15":"taxable","16":"shipping-taxable","17":"purchasable","18":"product-type-simple"},"_links":{"self":[{"href":"https:\/\/abinox-chr-clim.com\/index.php\/wp-json\/wp\/v2\/product\/73184","targetHints":{"allow":["GET"]}}],"collection":[{"href":"https:\/\/abinox-chr-clim.com\/index.php\/wp-json\/wp\/v2\/product"}],"about":[{"href":"https:\/\/abinox-chr-clim.com\/index.php\/wp-json\/wp\/v2\/types\/product"}],"replies":[{"embeddable":true,"href":"https:\/\/abinox-chr-clim.com\/index.php\/wp-json\/wp\/v2\/comments?post=73184"}],"wp:featuredmedia":[{"embeddable":true,"href":"https:\/\/abinox-chr-clim.com\/index.php\/wp-json\/wp\/v2\/media\/76377"}],"wp:attachment":[{"href":"https:\/\/abinox-chr-clim.com\/index.php\/wp-json\/wp\/v2\/media?parent=73184"}],"wp:term":[{"taxonomy":"product_brand","embeddable":true,"href":"https:\/\/abinox-chr-clim.com\/index.php\/wp-json\/wp\/v2\/product_brand?post=73184"},{"taxonomy":"product_cat","embeddable":true,"href":"https:\/\/abinox-chr-clim.com\/index.php\/wp-json\/wp\/v2\/product_cat?post=73184"},{"taxonomy":"product_tag","embeddable":true,"href":"https:\/\/abinox-chr-clim.com\/index.php\/wp-json\/wp\/v2\/product_tag?post=73184"}],"curies":[{"name":"wp","href":"https:\/\/api.w.org\/{rel}","templated":true}]}}