{"id":73166,"date":"2024-03-22T23:22:22","date_gmt":"2024-03-22T22:22:22","guid":{"rendered":"https:\/\/abinox-chr-clim.com\/index.php\/product\/tablier-bavette-chef-works-urban-memphis-noir\/"},"modified":"2026-04-02T09:12:16","modified_gmt":"2026-04-02T07:12:16","slug":"tablier-bavette-chef-works-urban-memphis-noir","status":"publish","type":"product","link":"https:\/\/abinox-chr-clim.com\/index.php\/product\/tablier-bavette-chef-works-urban-memphis-noir\/","title":{"rendered":"Tablier bavette Chef Works Urban Memphis noir"},"content":{"rendered":"<p>Alliant le style de la rue \u00e0 la fonctionnalit\u00e9, le tablier bavette Memphis poss\u00e8de des liens r\u00e9glables contrast\u00e9s, des surpiq\u00fbres renforc\u00e9es, double poche frontale et des coutures finition croisillons pour une plus grande durabilit\u00e9. Dimensions (mm): 812 (l) x 863 (L).<br \/>100% coton denim. Deux poches poitrine pratiques. Double poche frontale avec s\u00e9paration t\u00e9l\u00e9phone portable. Coutures renforc\u00e9es aux points de tension. Tour de cou avec boucle r\u00e9glable. Liens contrast\u00e9s.  100% coton denim.<\/p>\n<p>Caract\u00e9ristiques :<br \/> Dimensions : 890(L) x 1005(L) mm.<br \/> Mati\u00e8re : 100% coton.<br \/> Poids du tissu : 280g\/m\u00b2.<br \/> Couleur : Noir.<\/p>\n","protected":false},"excerpt":{"rendered":"<p>Tablier bavette Chef Works Urban Memphis noir<\/p>\n","protected":false},"featured_media":75946,"comment_status":"closed","ping_status":"closed","template":"","meta":[],"product_brand":[],"product_cat":[1297,1272,1269,1257],"product_tag":[],"class_list":{"0":"post-73166","1":"product","2":"type-product","3":"status-publish","4":"has-post-thumbnail","6":"product_cat-non-palettisable","7":"product_cat-tabliers-uniformes-de-service","8":"product_cat-uniformes-de-service","9":"product_cat-vetements-et-chaussures","10":"product_shipping_class-free-shipping","12":"first","13":"instock","14":"featured","15":"taxable","16":"shipping-taxable","17":"purchasable","18":"product-type-simple"},"_links":{"self":[{"href":"https:\/\/abinox-chr-clim.com\/index.php\/wp-json\/wp\/v2\/product\/73166","targetHints":{"allow":["GET"]}}],"collection":[{"href":"https:\/\/abinox-chr-clim.com\/index.php\/wp-json\/wp\/v2\/product"}],"about":[{"href":"https:\/\/abinox-chr-clim.com\/index.php\/wp-json\/wp\/v2\/types\/product"}],"replies":[{"embeddable":true,"href":"https:\/\/abinox-chr-clim.com\/index.php\/wp-json\/wp\/v2\/comments?post=73166"}],"wp:featuredmedia":[{"embeddable":true,"href":"https:\/\/abinox-chr-clim.com\/index.php\/wp-json\/wp\/v2\/media\/75946"}],"wp:attachment":[{"href":"https:\/\/abinox-chr-clim.com\/index.php\/wp-json\/wp\/v2\/media?parent=73166"}],"wp:term":[{"taxonomy":"product_brand","embeddable":true,"href":"https:\/\/abinox-chr-clim.com\/index.php\/wp-json\/wp\/v2\/product_brand?post=73166"},{"taxonomy":"product_cat","embeddable":true,"href":"https:\/\/abinox-chr-clim.com\/index.php\/wp-json\/wp\/v2\/product_cat?post=73166"},{"taxonomy":"product_tag","embeddable":true,"href":"https:\/\/abinox-chr-clim.com\/index.php\/wp-json\/wp\/v2\/product_tag?post=73166"}],"curies":[{"name":"wp","href":"https:\/\/api.w.org\/{rel}","templated":true}]}}