{"id":73165,"date":"2024-03-22T23:22:22","date_gmt":"2024-03-22T22:22:22","guid":{"rendered":"https:\/\/abinox-chr-clim.com\/index.php\/product\/tablier-serveur-court-chef-works-urban-manhattan-gris\/"},"modified":"2026-04-02T09:12:15","modified_gmt":"2026-04-02T07:12:15","slug":"tablier-serveur-court-chef-works-urban-manhattan-gris","status":"publish","type":"product","link":"https:\/\/abinox-chr-clim.com\/index.php\/product\/tablier-serveur-court-chef-works-urban-manhattan-gris\/","title":{"rendered":"Tablier serveur court Chef Works Urban Manhattan gris"},"content":{"rendered":"<p>En utilisant un denim l\u00e9ger double cette ceinture de barman est une innovation r\u00e9volutionnaire m\u00e9langeant classique et traditionnel. Avec sa poche hanche avec fermeture \u00e9clair et ses diff\u00e9rentes autres poches, il est id\u00e9al en salle et en terrasse.<br \/>100% coton. Liens du m\u00eame tissu. Extr\u00e9mit\u00e9s des poches rivet\u00e9es. Poche de la hanche avec fermeture \u00e9clair. Extr\u00e9mit\u00e9s des poches rivet\u00e9es. Logo de la marque \u00e0 l&rsquo;ourlet.  100% coton.<\/p>\n<p>Caract\u00e9ristiques :<br \/> Dimensions : 304(H) x 584(L) mm.<br \/> Mati\u00e8re : 100% coton.<br \/> Poids du tissu : 220g\/m\u00b2.<br \/> Couleur : Bleu.<\/p>\n","protected":false},"excerpt":{"rendered":"<p>Tablier serveur court Chef Works Urban Manhattan gris<\/p>\n","protected":false},"featured_media":75945,"comment_status":"closed","ping_status":"closed","template":"","meta":[],"product_brand":[],"product_cat":[1297,1272,1269,1257],"product_tag":[],"class_list":{"0":"post-73165","1":"product","2":"type-product","3":"status-publish","4":"has-post-thumbnail","6":"product_cat-non-palettisable","7":"product_cat-tabliers-uniformes-de-service","8":"product_cat-uniformes-de-service","9":"product_cat-vetements-et-chaussures","10":"product_shipping_class-free-shipping","12":"first","13":"outofstock","14":"featured","15":"taxable","16":"shipping-taxable","17":"purchasable","18":"product-type-simple"},"_links":{"self":[{"href":"https:\/\/abinox-chr-clim.com\/index.php\/wp-json\/wp\/v2\/product\/73165","targetHints":{"allow":["GET"]}}],"collection":[{"href":"https:\/\/abinox-chr-clim.com\/index.php\/wp-json\/wp\/v2\/product"}],"about":[{"href":"https:\/\/abinox-chr-clim.com\/index.php\/wp-json\/wp\/v2\/types\/product"}],"replies":[{"embeddable":true,"href":"https:\/\/abinox-chr-clim.com\/index.php\/wp-json\/wp\/v2\/comments?post=73165"}],"wp:featuredmedia":[{"embeddable":true,"href":"https:\/\/abinox-chr-clim.com\/index.php\/wp-json\/wp\/v2\/media\/75945"}],"wp:attachment":[{"href":"https:\/\/abinox-chr-clim.com\/index.php\/wp-json\/wp\/v2\/media?parent=73165"}],"wp:term":[{"taxonomy":"product_brand","embeddable":true,"href":"https:\/\/abinox-chr-clim.com\/index.php\/wp-json\/wp\/v2\/product_brand?post=73165"},{"taxonomy":"product_cat","embeddable":true,"href":"https:\/\/abinox-chr-clim.com\/index.php\/wp-json\/wp\/v2\/product_cat?post=73165"},{"taxonomy":"product_tag","embeddable":true,"href":"https:\/\/abinox-chr-clim.com\/index.php\/wp-json\/wp\/v2\/product_tag?post=73165"}],"curies":[{"name":"wp","href":"https:\/\/api.w.org\/{rel}","templated":true}]}}