{"id":73164,"date":"2024-03-22T23:22:22","date_gmt":"2024-03-22T22:22:22","guid":{"rendered":"https:\/\/abinox-chr-clim.com\/index.php\/product\/tablier-bavette-tisse-chef-works-premium-rayures-bleue-marine-et-blanches\/"},"modified":"2026-04-02T09:20:53","modified_gmt":"2026-04-02T07:20:53","slug":"tablier-bavette-tisse-chef-works-premium-rayures-bleue-marine-et-blanches","status":"publish","type":"product","link":"https:\/\/abinox-chr-clim.com\/index.php\/product\/tablier-bavette-tisse-chef-works-premium-rayures-bleue-marine-et-blanches\/","title":{"rendered":"Tablier bavette tiss\u00e9 Chef Works Premium rayures bleue marine et blanches"},"content":{"rendered":"<p>Rayures tiss\u00e9es donc qui ne d\u00e9colorent pas. Grande largeur de 94cm pour une plus grande protection. Rayures tiss\u00e9es donc qui ne d\u00e9colorent pas.<\/p>\n<p>Caract\u00e9ristiques :<br \/> Dimensions : 990(L) x 940(L) mm.<br \/> Mati\u00e8re : 65% polyester 35% coton.<br \/> Poids du tissu : 210g\/m\u00b2<\/p>\n","protected":false},"excerpt":{"rendered":"<p>Tablier bavette tiss\u00e9 Chef Works Premium rayures bleue marine et blanches<\/p>\n","protected":false},"featured_media":75793,"comment_status":"closed","ping_status":"closed","template":"","meta":[],"product_brand":[],"product_cat":[1297,1272,1269,1257],"product_tag":[],"class_list":{"0":"post-73164","1":"product","2":"type-product","3":"status-publish","4":"has-post-thumbnail","6":"product_cat-non-palettisable","7":"product_cat-tabliers-uniformes-de-service","8":"product_cat-uniformes-de-service","9":"product_cat-vetements-et-chaussures","10":"product_shipping_class-free-shipping","12":"first","13":"instock","14":"featured","15":"taxable","16":"shipping-taxable","17":"purchasable","18":"product-type-simple"},"_links":{"self":[{"href":"https:\/\/abinox-chr-clim.com\/index.php\/wp-json\/wp\/v2\/product\/73164","targetHints":{"allow":["GET"]}}],"collection":[{"href":"https:\/\/abinox-chr-clim.com\/index.php\/wp-json\/wp\/v2\/product"}],"about":[{"href":"https:\/\/abinox-chr-clim.com\/index.php\/wp-json\/wp\/v2\/types\/product"}],"replies":[{"embeddable":true,"href":"https:\/\/abinox-chr-clim.com\/index.php\/wp-json\/wp\/v2\/comments?post=73164"}],"wp:featuredmedia":[{"embeddable":true,"href":"https:\/\/abinox-chr-clim.com\/index.php\/wp-json\/wp\/v2\/media\/75793"}],"wp:attachment":[{"href":"https:\/\/abinox-chr-clim.com\/index.php\/wp-json\/wp\/v2\/media?parent=73164"}],"wp:term":[{"taxonomy":"product_brand","embeddable":true,"href":"https:\/\/abinox-chr-clim.com\/index.php\/wp-json\/wp\/v2\/product_brand?post=73164"},{"taxonomy":"product_cat","embeddable":true,"href":"https:\/\/abinox-chr-clim.com\/index.php\/wp-json\/wp\/v2\/product_cat?post=73164"},{"taxonomy":"product_tag","embeddable":true,"href":"https:\/\/abinox-chr-clim.com\/index.php\/wp-json\/wp\/v2\/product_tag?post=73164"}],"curies":[{"name":"wp","href":"https:\/\/api.w.org\/{rel}","templated":true}]}}