{"id":73159,"date":"2024-03-22T23:22:15","date_gmt":"2024-03-22T22:22:15","guid":{"rendered":"https:\/\/abinox-chr-clim.com\/index.php\/product\/tablier-bavette-chef-works-vert-anis\/"},"modified":"2026-04-02T08:25:51","modified_gmt":"2026-04-02T06:25:51","slug":"tablier-bavette-chef-works-vert-anis","status":"publish","type":"product","link":"https:\/\/abinox-chr-clim.com\/index.php\/product\/tablier-bavette-chef-works-vert-anis\/","title":{"rendered":"Tablier bavette Chef Works vert anis"},"content":{"rendered":"<p>Tabliers mixtes avec tour de cou r\u00e9glable, \u00e0 utiliser en cuisine comme en salle. Tabliers tr\u00e8s pratiques et dot\u00e9s d&rsquo;un tissu anti-taches. 86 x 61cm.<br \/>Tour de cou r\u00e9glable. Poche plaqu\u00e9e avec couture centrale. Coutures renforc\u00e9es aux zones de tension. Tour de cou r\u00e9glable.<\/p>\n<p>Caract\u00e9ristiques :<br \/> Dimensions : 610(L) x 860(L) mm.<br \/> Mati\u00e8re : 65% polyester 35% coton.<br \/> Poids du tissu : 210g\/m\u00b2.<br \/> Couleur : Vert anis.<\/p>\n","protected":false},"excerpt":{"rendered":"<p>Tablier bavette Chef Works vert anis<\/p>\n","protected":false},"featured_media":75680,"comment_status":"closed","ping_status":"closed","template":"","meta":[],"product_brand":[],"product_cat":[1297,1272,1269,1257],"product_tag":[],"class_list":{"0":"post-73159","1":"product","2":"type-product","3":"status-publish","4":"has-post-thumbnail","6":"product_cat-non-palettisable","7":"product_cat-tabliers-uniformes-de-service","8":"product_cat-uniformes-de-service","9":"product_cat-vetements-et-chaussures","10":"product_shipping_class-free-shipping","12":"first","13":"outofstock","14":"featured","15":"taxable","16":"shipping-taxable","17":"purchasable","18":"product-type-simple"},"_links":{"self":[{"href":"https:\/\/abinox-chr-clim.com\/index.php\/wp-json\/wp\/v2\/product\/73159","targetHints":{"allow":["GET"]}}],"collection":[{"href":"https:\/\/abinox-chr-clim.com\/index.php\/wp-json\/wp\/v2\/product"}],"about":[{"href":"https:\/\/abinox-chr-clim.com\/index.php\/wp-json\/wp\/v2\/types\/product"}],"replies":[{"embeddable":true,"href":"https:\/\/abinox-chr-clim.com\/index.php\/wp-json\/wp\/v2\/comments?post=73159"}],"wp:featuredmedia":[{"embeddable":true,"href":"https:\/\/abinox-chr-clim.com\/index.php\/wp-json\/wp\/v2\/media\/75680"}],"wp:attachment":[{"href":"https:\/\/abinox-chr-clim.com\/index.php\/wp-json\/wp\/v2\/media?parent=73159"}],"wp:term":[{"taxonomy":"product_brand","embeddable":true,"href":"https:\/\/abinox-chr-clim.com\/index.php\/wp-json\/wp\/v2\/product_brand?post=73159"},{"taxonomy":"product_cat","embeddable":true,"href":"https:\/\/abinox-chr-clim.com\/index.php\/wp-json\/wp\/v2\/product_cat?post=73159"},{"taxonomy":"product_tag","embeddable":true,"href":"https:\/\/abinox-chr-clim.com\/index.php\/wp-json\/wp\/v2\/product_tag?post=73159"}],"curies":[{"name":"wp","href":"https:\/\/api.w.org\/{rel}","templated":true}]}}