{"id":73152,"date":"2024-03-22T23:22:12","date_gmt":"2024-03-22T22:22:12","guid":{"rendered":"https:\/\/abinox-chr-clim.com\/index.php\/product\/tablier-chasuble-avec-poche-whites-bleu-marine\/"},"modified":"2026-04-02T10:01:16","modified_gmt":"2026-04-02T08:01:16","slug":"tablier-chasuble-avec-poche-whites-bleu-marine","status":"publish","type":"product","link":"https:\/\/abinox-chr-clim.com\/index.php\/product\/tablier-chasuble-avec-poche-whites-bleu-marine\/","title":{"rendered":"Tablier chasuble avec poche Whites bleu marine"},"content":{"rendered":"<p>Tablier \u00e9l\u00e9gant et pratique en polyester-coton (65% polyester\/35% coton) avec poche pour prot\u00e9ger les v\u00eatements des liquides renvers\u00e9s et des t\u00e2ches de tous les jours dans les cantines et les cuisines. Attache r\u00e9glable \u00e0 pression sur le c\u00f4t\u00e9 pour un ajustement parfait. Disponible en deux tailles.<br \/>Poche de 250(L)x 250(H)mm. Fermetures lat\u00e9rales r\u00e9glables par boutons-pression. Mixte. Id\u00e9al pour une utilisation comme tablier de nettoyage ou tablier m\u00e9dical. Poche de 250(L)x 250(H)mm.<\/p>\n<p>Caract\u00e9ristiques :<br \/> Mati\u00e8re : Polycoton.<br \/> Couleur : Bleu marine.<\/p>\n","protected":false},"excerpt":{"rendered":"<p>Tablier chasuble avec poche Whites bleu marine<\/p>\n","protected":false},"featured_media":75306,"comment_status":"closed","ping_status":"closed","template":"","meta":[],"product_brand":[],"product_cat":[1297,1272,1269,1257],"product_tag":[],"class_list":{"0":"post-73152","1":"product","2":"type-product","3":"status-publish","4":"has-post-thumbnail","6":"product_cat-non-palettisable","7":"product_cat-tabliers-uniformes-de-service","8":"product_cat-uniformes-de-service","9":"product_cat-vetements-et-chaussures","10":"product_shipping_class-free-shipping","12":"first","13":"instock","14":"featured","15":"taxable","16":"shipping-taxable","17":"purchasable","18":"product-type-simple"},"_links":{"self":[{"href":"https:\/\/abinox-chr-clim.com\/index.php\/wp-json\/wp\/v2\/product\/73152","targetHints":{"allow":["GET"]}}],"collection":[{"href":"https:\/\/abinox-chr-clim.com\/index.php\/wp-json\/wp\/v2\/product"}],"about":[{"href":"https:\/\/abinox-chr-clim.com\/index.php\/wp-json\/wp\/v2\/types\/product"}],"replies":[{"embeddable":true,"href":"https:\/\/abinox-chr-clim.com\/index.php\/wp-json\/wp\/v2\/comments?post=73152"}],"wp:featuredmedia":[{"embeddable":true,"href":"https:\/\/abinox-chr-clim.com\/index.php\/wp-json\/wp\/v2\/media\/75306"}],"wp:attachment":[{"href":"https:\/\/abinox-chr-clim.com\/index.php\/wp-json\/wp\/v2\/media?parent=73152"}],"wp:term":[{"taxonomy":"product_brand","embeddable":true,"href":"https:\/\/abinox-chr-clim.com\/index.php\/wp-json\/wp\/v2\/product_brand?post=73152"},{"taxonomy":"product_cat","embeddable":true,"href":"https:\/\/abinox-chr-clim.com\/index.php\/wp-json\/wp\/v2\/product_cat?post=73152"},{"taxonomy":"product_tag","embeddable":true,"href":"https:\/\/abinox-chr-clim.com\/index.php\/wp-json\/wp\/v2\/product_tag?post=73152"}],"curies":[{"name":"wp","href":"https:\/\/api.w.org\/{rel}","templated":true}]}}