{"id":73151,"date":"2024-03-22T23:22:12","date_gmt":"2024-03-22T22:22:12","guid":{"rendered":"https:\/\/abinox-chr-clim.com\/index.php\/product\/tablier-chasuble-avec-poche-whites-bleu-roi\/"},"modified":"2026-04-02T10:01:15","modified_gmt":"2026-04-02T08:01:15","slug":"tablier-chasuble-avec-poche-whites-bleu-roi","status":"publish","type":"product","link":"https:\/\/abinox-chr-clim.com\/index.php\/product\/tablier-chasuble-avec-poche-whites-bleu-roi\/","title":{"rendered":"Tablier chasuble avec poche Whites bleu roi"},"content":{"rendered":"<p>Tablier \u00e9l\u00e9gant et pratique en polyester-coton (65% polyester\/35% coton) avec poche pour prot\u00e9ger les v\u00eatements des liquides renvers\u00e9s et des t\u00e2ches de tous les jours dans les cantines et les cuisines. Attache r\u00e9glable \u00e0 pression sur le c\u00f4t\u00e9 pour un ajustement parfait. Disponible en deux tailles.<br \/>Poche de 250(L)x 250(H)mm. Fermetures lat\u00e9rales r\u00e9glables par boutons-pression. La couleur blanche aide \u00e0 r\u00e9fl\u00e9chir la chaleur loin du corps. Mixte. Id\u00e9al pour une utilisation comme tablier de nettoyage ou tablier m\u00e9dical.  Poche de 250(L)x 250(H)mm.<\/p>\n<p>Caract\u00e9ristiques :<br \/> Mati\u00e8re : Polycoton<\/p>\n","protected":false},"excerpt":{"rendered":"<p>Tablier chasuble avec poche Whites bleu roi<\/p>\n","protected":false},"featured_media":75304,"comment_status":"closed","ping_status":"closed","template":"","meta":[],"product_brand":[],"product_cat":[1297,1272,1269,1257],"product_tag":[],"class_list":{"0":"post-73151","1":"product","2":"type-product","3":"status-publish","4":"has-post-thumbnail","6":"product_cat-non-palettisable","7":"product_cat-tabliers-uniformes-de-service","8":"product_cat-uniformes-de-service","9":"product_cat-vetements-et-chaussures","10":"product_shipping_class-free-shipping","12":"first","13":"instock","14":"featured","15":"taxable","16":"shipping-taxable","17":"purchasable","18":"product-type-simple"},"_links":{"self":[{"href":"https:\/\/abinox-chr-clim.com\/index.php\/wp-json\/wp\/v2\/product\/73151","targetHints":{"allow":["GET"]}}],"collection":[{"href":"https:\/\/abinox-chr-clim.com\/index.php\/wp-json\/wp\/v2\/product"}],"about":[{"href":"https:\/\/abinox-chr-clim.com\/index.php\/wp-json\/wp\/v2\/types\/product"}],"replies":[{"embeddable":true,"href":"https:\/\/abinox-chr-clim.com\/index.php\/wp-json\/wp\/v2\/comments?post=73151"}],"wp:featuredmedia":[{"embeddable":true,"href":"https:\/\/abinox-chr-clim.com\/index.php\/wp-json\/wp\/v2\/media\/75304"}],"wp:attachment":[{"href":"https:\/\/abinox-chr-clim.com\/index.php\/wp-json\/wp\/v2\/media?parent=73151"}],"wp:term":[{"taxonomy":"product_brand","embeddable":true,"href":"https:\/\/abinox-chr-clim.com\/index.php\/wp-json\/wp\/v2\/product_brand?post=73151"},{"taxonomy":"product_cat","embeddable":true,"href":"https:\/\/abinox-chr-clim.com\/index.php\/wp-json\/wp\/v2\/product_cat?post=73151"},{"taxonomy":"product_tag","embeddable":true,"href":"https:\/\/abinox-chr-clim.com\/index.php\/wp-json\/wp\/v2\/product_tag?post=73151"}],"curies":[{"name":"wp","href":"https:\/\/api.w.org\/{rel}","templated":true}]}}