{"id":73150,"date":"2024-03-22T23:22:11","date_gmt":"2024-03-22T22:22:11","guid":{"rendered":"https:\/\/abinox-chr-clim.com\/index.php\/product\/tablier-standard-whites-noir\/"},"modified":"2026-04-02T08:23:14","modified_gmt":"2026-04-02T06:23:14","slug":"tablier-standard-whites-noir","status":"publish","type":"product","link":"https:\/\/abinox-chr-clim.com\/index.php\/product\/tablier-standard-whites-noir\/","title":{"rendered":"Tablier standard Whites noir"},"content":{"rendered":"<p>Polyester-coton avec tresses cousues. Dimensions (mm) : 762 (L) x 914 (l) mm.<br \/>Le polycoton durable reste dans son \u00e9tat neuf pendant de nombreux services. Aide \u00e0 prot\u00e9ger l&rsquo;uniforme contre les \u00e9claboussures et les taches. Facile \u00e0 laver pour un nettoyage efficace. Le mat\u00e9riau l\u00e9ger aide \u00e0 garder le personnel au frais. Des sangles qui s&rsquo;adaptent confortablement \u00e0 un large \u00e9ventail de formes et de tailles. Le design \u00e9l\u00e9gant permet d&#8217;embellir l&rsquo;uniforme de votre personnel.  Le polycoton durable reste dans son \u00e9tat neuf pendant de nombreux services.<\/p>\n<p>Caract\u00e9ristiques :<br \/> Dimensions : 915(L) x 762(L) mm.<br \/> Mati\u00e8re : Polycoton.<br \/> Poids du tissu : 190g\/m\u00b2.<br \/> Couleur : Noir.<\/p>\n","protected":false},"excerpt":{"rendered":"<p>Tablier standard Whites noir<\/p>\n","protected":false},"featured_media":75165,"comment_status":"closed","ping_status":"closed","template":"","meta":[],"product_brand":[],"product_cat":[1297,1272,1269,1257],"product_tag":[],"class_list":{"0":"post-73150","1":"product","2":"type-product","3":"status-publish","4":"has-post-thumbnail","6":"product_cat-non-palettisable","7":"product_cat-tabliers-uniformes-de-service","8":"product_cat-uniformes-de-service","9":"product_cat-vetements-et-chaussures","10":"product_shipping_class-free-shipping","12":"first","13":"instock","14":"featured","15":"taxable","16":"shipping-taxable","17":"purchasable","18":"product-type-simple"},"_links":{"self":[{"href":"https:\/\/abinox-chr-clim.com\/index.php\/wp-json\/wp\/v2\/product\/73150","targetHints":{"allow":["GET"]}}],"collection":[{"href":"https:\/\/abinox-chr-clim.com\/index.php\/wp-json\/wp\/v2\/product"}],"about":[{"href":"https:\/\/abinox-chr-clim.com\/index.php\/wp-json\/wp\/v2\/types\/product"}],"replies":[{"embeddable":true,"href":"https:\/\/abinox-chr-clim.com\/index.php\/wp-json\/wp\/v2\/comments?post=73150"}],"wp:featuredmedia":[{"embeddable":true,"href":"https:\/\/abinox-chr-clim.com\/index.php\/wp-json\/wp\/v2\/media\/75165"}],"wp:attachment":[{"href":"https:\/\/abinox-chr-clim.com\/index.php\/wp-json\/wp\/v2\/media?parent=73150"}],"wp:term":[{"taxonomy":"product_brand","embeddable":true,"href":"https:\/\/abinox-chr-clim.com\/index.php\/wp-json\/wp\/v2\/product_brand?post=73150"},{"taxonomy":"product_cat","embeddable":true,"href":"https:\/\/abinox-chr-clim.com\/index.php\/wp-json\/wp\/v2\/product_cat?post=73150"},{"taxonomy":"product_tag","embeddable":true,"href":"https:\/\/abinox-chr-clim.com\/index.php\/wp-json\/wp\/v2\/product_tag?post=73150"}],"curies":[{"name":"wp","href":"https:\/\/api.w.org\/{rel}","templated":true}]}}