{"id":73149,"date":"2024-03-22T23:22:11","date_gmt":"2024-03-22T22:22:11","guid":{"rendered":"https:\/\/abinox-chr-clim.com\/index.php\/product\/tablier-bavette-whites-raye-noir-et-blanc-2\/"},"modified":"2026-04-02T08:23:08","modified_gmt":"2026-04-02T06:23:08","slug":"tablier-bavette-whites-raye-noir-et-blanc-2","status":"publish","type":"product","link":"https:\/\/abinox-chr-clim.com\/index.php\/product\/tablier-bavette-whites-raye-noir-et-blanc-2\/","title":{"rendered":"Tablier bavette Whites ray\u00e9 noir et blanc"},"content":{"rendered":"<p>Polyester-coton ray\u00e9 grand teint, r\u00e9sistant et facile d&rsquo;entretien avec attaches cousues et oeillets en laiton.<br \/>Coupe mixte &#8211; tenue confortable tout au long de la journ\u00e9e. Design ray\u00e9 traditionnel facilement identifiable. La forme du tablier bavette prot\u00e8ge une grande surface, de la poitrine jusqu&rsquo;au dessous du genou. Tresses grande longueur, 1 m\u00e8tre chacune &#8211; taille unique. Coutures solides pour une durabilit\u00e9 \u00e0 long terme. Adapt\u00e9 au lavage industriel. Disponible en noir ou bleu.Coupe mixte &#8211; tenue confortable tout au long de la journ\u00e9e.<\/p>\n<p>Caract\u00e9ristiques :<br \/> Dimensions : 710(L) x 970(L) mm.<br \/> Mati\u00e8re : Polycoton.<br \/> Poids du tissu : 190g\/m\u00b2.<br \/> Couleur : Noir et blanc.<\/p>\n","protected":false},"excerpt":{"rendered":"<p>Tablier bavette Whites ray\u00e9 noir et blanc<\/p>\n","protected":false},"featured_media":75049,"comment_status":"closed","ping_status":"closed","template":"","meta":[],"product_brand":[],"product_cat":[1297,1272,1269,1257],"product_tag":[],"class_list":{"0":"post-73149","1":"product","2":"type-product","3":"status-publish","4":"has-post-thumbnail","6":"product_cat-non-palettisable","7":"product_cat-tabliers-uniformes-de-service","8":"product_cat-uniformes-de-service","9":"product_cat-vetements-et-chaussures","10":"product_shipping_class-free-shipping","12":"first","13":"instock","14":"featured","15":"taxable","16":"shipping-taxable","17":"purchasable","18":"product-type-simple"},"_links":{"self":[{"href":"https:\/\/abinox-chr-clim.com\/index.php\/wp-json\/wp\/v2\/product\/73149","targetHints":{"allow":["GET"]}}],"collection":[{"href":"https:\/\/abinox-chr-clim.com\/index.php\/wp-json\/wp\/v2\/product"}],"about":[{"href":"https:\/\/abinox-chr-clim.com\/index.php\/wp-json\/wp\/v2\/types\/product"}],"replies":[{"embeddable":true,"href":"https:\/\/abinox-chr-clim.com\/index.php\/wp-json\/wp\/v2\/comments?post=73149"}],"wp:featuredmedia":[{"embeddable":true,"href":"https:\/\/abinox-chr-clim.com\/index.php\/wp-json\/wp\/v2\/media\/75049"}],"wp:attachment":[{"href":"https:\/\/abinox-chr-clim.com\/index.php\/wp-json\/wp\/v2\/media?parent=73149"}],"wp:term":[{"taxonomy":"product_brand","embeddable":true,"href":"https:\/\/abinox-chr-clim.com\/index.php\/wp-json\/wp\/v2\/product_brand?post=73149"},{"taxonomy":"product_cat","embeddable":true,"href":"https:\/\/abinox-chr-clim.com\/index.php\/wp-json\/wp\/v2\/product_cat?post=73149"},{"taxonomy":"product_tag","embeddable":true,"href":"https:\/\/abinox-chr-clim.com\/index.php\/wp-json\/wp\/v2\/product_tag?post=73149"}],"curies":[{"name":"wp","href":"https:\/\/api.w.org\/{rel}","templated":true}]}}