{"id":73147,"date":"2024-03-22T23:22:10","date_gmt":"2024-03-22T22:22:10","guid":{"rendered":"https:\/\/abinox-chr-clim.com\/index.php\/product\/tablier-bavette-chef-works-blanc\/"},"modified":"2026-04-02T08:23:06","modified_gmt":"2026-04-02T06:23:06","slug":"tablier-bavette-chef-works-blanc","status":"publish","type":"product","link":"https:\/\/abinox-chr-clim.com\/index.php\/product\/tablier-bavette-chef-works-blanc\/","title":{"rendered":"Tablier bavette Chef Works blanc"},"content":{"rendered":"<p>Tabliers en polyester-coton avec tour de cou r\u00e9glable pour un confort id\u00e9al. Bavette et coutures renforc\u00e9es pour une longue dur\u00e9e de vie. Le traitement de protection assure l&rsquo;enl\u00e8vement facile des taches au lavage. Convient \u00e0 une utilisation en salle ou en cuisine. Double poche sur le devant. Existe en noir, blanc et diff\u00e9rents mod\u00e8les ray\u00e9s. Dimensions (mm) : 860(L) x 610(l). Dimensions de la poche (mm) : 340(l) x 240(p).<br \/>R\u00e9glable. Tresse cousue. Deux poches frontales. Dimensions de la poche: 340 x 240mm. R\u00e9glable.<\/p>\n<p>Caract\u00e9ristiques :<br \/> Dimensions : 610(L) x 860(L) mm.<br \/> Mati\u00e8re : 65% polyester 35% coton.<br \/> Poids du tissu : 210g\/m\u00b2.<br \/> Couleur : Blanc.<\/p>\n","protected":false},"excerpt":{"rendered":"<p>Tablier bavette Chef Works blanc<\/p>\n","protected":false},"featured_media":74914,"comment_status":"closed","ping_status":"closed","template":"","meta":[],"product_brand":[],"product_cat":[1297,1272,1269,1257],"product_tag":[],"class_list":{"0":"post-73147","1":"product","2":"type-product","3":"status-publish","4":"has-post-thumbnail","6":"product_cat-non-palettisable","7":"product_cat-tabliers-uniformes-de-service","8":"product_cat-uniformes-de-service","9":"product_cat-vetements-et-chaussures","10":"product_shipping_class-free-shipping","12":"first","13":"outofstock","14":"featured","15":"taxable","16":"shipping-taxable","17":"purchasable","18":"product-type-simple"},"_links":{"self":[{"href":"https:\/\/abinox-chr-clim.com\/index.php\/wp-json\/wp\/v2\/product\/73147","targetHints":{"allow":["GET"]}}],"collection":[{"href":"https:\/\/abinox-chr-clim.com\/index.php\/wp-json\/wp\/v2\/product"}],"about":[{"href":"https:\/\/abinox-chr-clim.com\/index.php\/wp-json\/wp\/v2\/types\/product"}],"replies":[{"embeddable":true,"href":"https:\/\/abinox-chr-clim.com\/index.php\/wp-json\/wp\/v2\/comments?post=73147"}],"wp:featuredmedia":[{"embeddable":true,"href":"https:\/\/abinox-chr-clim.com\/index.php\/wp-json\/wp\/v2\/media\/74914"}],"wp:attachment":[{"href":"https:\/\/abinox-chr-clim.com\/index.php\/wp-json\/wp\/v2\/media?parent=73147"}],"wp:term":[{"taxonomy":"product_brand","embeddable":true,"href":"https:\/\/abinox-chr-clim.com\/index.php\/wp-json\/wp\/v2\/product_brand?post=73147"},{"taxonomy":"product_cat","embeddable":true,"href":"https:\/\/abinox-chr-clim.com\/index.php\/wp-json\/wp\/v2\/product_cat?post=73147"},{"taxonomy":"product_tag","embeddable":true,"href":"https:\/\/abinox-chr-clim.com\/index.php\/wp-json\/wp\/v2\/product_tag?post=73147"}],"curies":[{"name":"wp","href":"https:\/\/api.w.org\/{rel}","templated":true}]}}