{"id":73143,"date":"2024-03-22T23:22:08","date_gmt":"2024-03-22T22:22:08","guid":{"rendered":"https:\/\/abinox-chr-clim.com\/index.php\/product\/tablier-bavette-noir-chef-works-tuxedo\/"},"modified":"2025-07-24T15:58:40","modified_gmt":"2025-07-24T13:58:40","slug":"tablier-bavette-noir-chef-works-tuxedo","status":"publish","type":"product","link":"https:\/\/abinox-chr-clim.com\/index.php\/product\/tablier-bavette-noir-chef-works-tuxedo\/","title":{"rendered":"Tablier bavette noir Chef Works Tuxedo"},"content":{"rendered":"<p>Tablier en polyester-coton avec col en V. El\u00e9gant et pratique avec tour de cou r\u00e9glable et double poche centrale. Parfait pour le service dans tous types d&rsquo;\u00e9tablissements. S&rsquo;adapte \u00e0 toutes les tailles. Dimensions de la poche (mm) : 350(L) x 200(P). Longueur des tresses : 980 mm.<br \/>Sangle de cou ajustable. Cou en V. Poches de 350(L)x 200(L)mm.Convient au lessivage industriel. Taille de la poche: 350(L) x 200(l)mm.Longueur de la tresse: 980mm. Convient au lessivage industriel.Sangle de cou ajustable.<\/p>\n<p>Caract\u00e9ristiques :<br \/> Dimensions : 698(L) x 838(L) mm.<br \/> Mati\u00e8re : Polycoton.<br \/> Poids du tissu : 210g\/m\u00b2.<br \/> Couleur : Noir.<\/p>\n","protected":false},"excerpt":{"rendered":"<p>Tablier bavette noir Chef Works Tuxedo<\/p>\n","protected":false},"featured_media":74353,"comment_status":"closed","ping_status":"closed","template":"","meta":[],"product_brand":[],"product_cat":[1297,1272,1269,1257],"product_tag":[],"class_list":{"0":"post-73143","1":"product","2":"type-product","3":"status-publish","4":"has-post-thumbnail","6":"product_cat-non-palettisable","7":"product_cat-tabliers-uniformes-de-service","8":"product_cat-uniformes-de-service","9":"product_cat-vetements-et-chaussures","10":"product_shipping_class-free-shipping","12":"first","13":"outofstock","14":"featured","15":"taxable","16":"shipping-taxable","17":"purchasable","18":"product-type-simple"},"_links":{"self":[{"href":"https:\/\/abinox-chr-clim.com\/index.php\/wp-json\/wp\/v2\/product\/73143","targetHints":{"allow":["GET"]}}],"collection":[{"href":"https:\/\/abinox-chr-clim.com\/index.php\/wp-json\/wp\/v2\/product"}],"about":[{"href":"https:\/\/abinox-chr-clim.com\/index.php\/wp-json\/wp\/v2\/types\/product"}],"replies":[{"embeddable":true,"href":"https:\/\/abinox-chr-clim.com\/index.php\/wp-json\/wp\/v2\/comments?post=73143"}],"wp:featuredmedia":[{"embeddable":true,"href":"https:\/\/abinox-chr-clim.com\/index.php\/wp-json\/wp\/v2\/media\/74353"}],"wp:attachment":[{"href":"https:\/\/abinox-chr-clim.com\/index.php\/wp-json\/wp\/v2\/media?parent=73143"}],"wp:term":[{"taxonomy":"product_brand","embeddable":true,"href":"https:\/\/abinox-chr-clim.com\/index.php\/wp-json\/wp\/v2\/product_brand?post=73143"},{"taxonomy":"product_cat","embeddable":true,"href":"https:\/\/abinox-chr-clim.com\/index.php\/wp-json\/wp\/v2\/product_cat?post=73143"},{"taxonomy":"product_tag","embeddable":true,"href":"https:\/\/abinox-chr-clim.com\/index.php\/wp-json\/wp\/v2\/product_tag?post=73143"}],"curies":[{"name":"wp","href":"https:\/\/api.w.org\/{rel}","templated":true}]}}