{"id":73140,"date":"2024-03-22T23:22:07","date_gmt":"2024-03-22T22:22:07","guid":{"rendered":"https:\/\/abinox-chr-clim.com\/index.php\/product\/tablier-bavette-deperlant-tres-resistant-whites-vert\/"},"modified":"2026-04-02T08:22:54","modified_gmt":"2026-04-02T06:22:54","slug":"tablier-bavette-deperlant-tres-resistant-whites-vert","status":"publish","type":"product","link":"https:\/\/abinox-chr-clim.com\/index.php\/product\/tablier-bavette-deperlant-tres-resistant-whites-vert\/","title":{"rendered":"Tablier bavette d\u00e9perlant tr\u00e8s r\u00e9sistant Whites vert"},"content":{"rendered":"<p>Fabrication en nylon PVC avec \u0153illets en laiton. Dimensions (en mm) : 1067 (L) x 914 (l). Fourni avec 3 attaches libres de 610mm.<br \/>Oeillets en laiton pour une r\u00e9sistance suppl\u00e9mentaire et pour r\u00e9duire le risque de dommages. Fourni avec 3 attaches libres de 610 mm en cas de perte ou de d\u00e9t\u00e9rioration. Le mat\u00e9riau PVC prot\u00e8ge vos v\u00eatements et votre torse contre les taches et les \u00e9claboussures, \u00e9vitant ainsi les blessures. Les liens r\u00e9glables \u00e0 la taille s&rsquo;adaptent confortablement \u00e0 la plupart des tailles. La boucle de cou permet un port confortable et s\u00fbr.  Oeillets en laiton pour une r\u00e9sistance suppl\u00e9mentaire et pour r\u00e9duire le risque de dommages.<\/p>\n<p>Caract\u00e9ristiques :<br \/> Dimensions : 914(L) x 1067(L) mm.<br \/> Mati\u00e8re : Nylon PVC.<br \/> Couleur : Vert.<\/p>\n","protected":false},"excerpt":{"rendered":"<p>Tablier bavette d\u00e9perlant tr\u00e8s r\u00e9sistant Whites vert<\/p>\n","protected":false},"featured_media":74106,"comment_status":"closed","ping_status":"closed","template":"","meta":[],"product_brand":[],"product_cat":[1297,1272,1269,1257],"product_tag":[],"class_list":{"0":"post-73140","1":"product","2":"type-product","3":"status-publish","4":"has-post-thumbnail","6":"product_cat-non-palettisable","7":"product_cat-tabliers-uniformes-de-service","8":"product_cat-uniformes-de-service","9":"product_cat-vetements-et-chaussures","10":"product_shipping_class-free-shipping","12":"first","13":"instock","14":"featured","15":"taxable","16":"shipping-taxable","17":"purchasable","18":"product-type-simple"},"_links":{"self":[{"href":"https:\/\/abinox-chr-clim.com\/index.php\/wp-json\/wp\/v2\/product\/73140","targetHints":{"allow":["GET"]}}],"collection":[{"href":"https:\/\/abinox-chr-clim.com\/index.php\/wp-json\/wp\/v2\/product"}],"about":[{"href":"https:\/\/abinox-chr-clim.com\/index.php\/wp-json\/wp\/v2\/types\/product"}],"replies":[{"embeddable":true,"href":"https:\/\/abinox-chr-clim.com\/index.php\/wp-json\/wp\/v2\/comments?post=73140"}],"wp:featuredmedia":[{"embeddable":true,"href":"https:\/\/abinox-chr-clim.com\/index.php\/wp-json\/wp\/v2\/media\/74106"}],"wp:attachment":[{"href":"https:\/\/abinox-chr-clim.com\/index.php\/wp-json\/wp\/v2\/media?parent=73140"}],"wp:term":[{"taxonomy":"product_brand","embeddable":true,"href":"https:\/\/abinox-chr-clim.com\/index.php\/wp-json\/wp\/v2\/product_brand?post=73140"},{"taxonomy":"product_cat","embeddable":true,"href":"https:\/\/abinox-chr-clim.com\/index.php\/wp-json\/wp\/v2\/product_cat?post=73140"},{"taxonomy":"product_tag","embeddable":true,"href":"https:\/\/abinox-chr-clim.com\/index.php\/wp-json\/wp\/v2\/product_tag?post=73140"}],"curies":[{"name":"wp","href":"https:\/\/api.w.org\/{rel}","templated":true}]}}