{"id":73137,"date":"2024-03-22T23:22:06","date_gmt":"2024-03-22T22:22:06","guid":{"rendered":"https:\/\/abinox-chr-clim.com\/index.php\/product\/tablier-bavette-deperlant-whites-bleu-et-blanc\/"},"modified":"2026-04-02T08:22:53","modified_gmt":"2026-04-02T06:22:53","slug":"tablier-bavette-deperlant-whites-bleu-et-blanc","status":"publish","type":"product","link":"https:\/\/abinox-chr-clim.com\/index.php\/product\/tablier-bavette-deperlant-whites-bleu-et-blanc\/","title":{"rendered":"Tablier bavette d\u00e9perlant Whites bleu et blanc"},"content":{"rendered":"<p>En nylon d\u00e9perlant. Dimensions : 1016 (L) x 711 (l)mm.<br \/>Le mat\u00e9riau r\u00e9sistant \u00e0 l&rsquo;eau est id\u00e9al pour la pr\u00e9paration des aliments et les zones de service. La conception r\u00e9utilisable est plus durable que les \u00e9quivalents imperm\u00e9ables jetables. Aide \u00e0 garder l&rsquo;uniforme sec et propre. Longs cordons d&rsquo;attache avec fixations \u00e0 \u0153illets m\u00e9talliques. Parfait pour les bouchers ou les cuisiniers.  Le mat\u00e9riau r\u00e9sistant \u00e0 l&rsquo;eau est id\u00e9al pour la pr\u00e9paration des aliments et les zones de service.<\/p>\n<p>Caract\u00e9ristiques :<br \/> Dimensions : 711(L) x 1016(L) mm.<br \/> Mati\u00e8re : Nylon.<br \/> Couleur : Bleu et blanc.<\/p>\n","protected":false},"excerpt":{"rendered":"<p>Tablier bavette d\u00e9perlant Whites bleu et blanc<\/p>\n","protected":false},"featured_media":74019,"comment_status":"closed","ping_status":"closed","template":"","meta":[],"product_brand":[],"product_cat":[1297,1272,1269,1257],"product_tag":[],"class_list":{"0":"post-73137","1":"product","2":"type-product","3":"status-publish","4":"has-post-thumbnail","6":"product_cat-non-palettisable","7":"product_cat-tabliers-uniformes-de-service","8":"product_cat-uniformes-de-service","9":"product_cat-vetements-et-chaussures","10":"product_shipping_class-free-shipping","12":"first","13":"instock","14":"featured","15":"taxable","16":"shipping-taxable","17":"purchasable","18":"product-type-simple"},"_links":{"self":[{"href":"https:\/\/abinox-chr-clim.com\/index.php\/wp-json\/wp\/v2\/product\/73137","targetHints":{"allow":["GET"]}}],"collection":[{"href":"https:\/\/abinox-chr-clim.com\/index.php\/wp-json\/wp\/v2\/product"}],"about":[{"href":"https:\/\/abinox-chr-clim.com\/index.php\/wp-json\/wp\/v2\/types\/product"}],"replies":[{"embeddable":true,"href":"https:\/\/abinox-chr-clim.com\/index.php\/wp-json\/wp\/v2\/comments?post=73137"}],"wp:featuredmedia":[{"embeddable":true,"href":"https:\/\/abinox-chr-clim.com\/index.php\/wp-json\/wp\/v2\/media\/74019"}],"wp:attachment":[{"href":"https:\/\/abinox-chr-clim.com\/index.php\/wp-json\/wp\/v2\/media?parent=73137"}],"wp:term":[{"taxonomy":"product_brand","embeddable":true,"href":"https:\/\/abinox-chr-clim.com\/index.php\/wp-json\/wp\/v2\/product_brand?post=73137"},{"taxonomy":"product_cat","embeddable":true,"href":"https:\/\/abinox-chr-clim.com\/index.php\/wp-json\/wp\/v2\/product_cat?post=73137"},{"taxonomy":"product_tag","embeddable":true,"href":"https:\/\/abinox-chr-clim.com\/index.php\/wp-json\/wp\/v2\/product_tag?post=73137"}],"curies":[{"name":"wp","href":"https:\/\/api.w.org\/{rel}","templated":true}]}}