{"id":73129,"date":"2024-03-22T23:22:00","date_gmt":"2024-03-22T22:22:00","guid":{"rendered":"https:\/\/abinox-chr-clim.com\/index.php\/product\/tablier-bavette-avec-poche-whites-raye-marine-et-blanc\/"},"modified":"2026-04-02T08:22:47","modified_gmt":"2026-04-02T06:22:47","slug":"tablier-bavette-avec-poche-whites-raye-marine-et-blanc","status":"publish","type":"product","link":"https:\/\/abinox-chr-clim.com\/index.php\/product\/tablier-bavette-avec-poche-whites-raye-marine-et-blanc\/","title":{"rendered":"Tablier bavette avec poche Whites ray\u00e9 marine et blanc"},"content":{"rendered":"<p>Polyester-coton ray\u00e9 grand teint, r\u00e9sistant et facile d&rsquo;entretien avec attaches cousues et oeillets en laiton.<br \/>\u0152illets en m\u00e9tal renforc\u00e9. Tr\u00e8s durable et facile \u00e0 nettoyer. Poche avant facile d&rsquo;acc\u00e8s pour garder vos accessoires de cuisine essentiels \u00e0 port\u00e9e de main. Taille unique &#8211; Longueur de la sangle\u00a0: env. 1 m\u00e8tre de chaque c\u00f4t\u00e9. Poche avant cousue au milieu pour fournir 2 sections s\u00e9par\u00e9es.  \u0152illets en m\u00e9tal renforc\u00e9.<\/p>\n<p>Caract\u00e9ristiques :<br \/> Dimensions : 965(L) x 711(l).<br \/> Mati\u00e8re : Polycoton.<br \/> Poids du tissu : 190g\/m\u00b2.<br \/> Couleur : Bleu et blanc.<\/p>\n","protected":false},"excerpt":{"rendered":"<p>Tablier bavette avec poche Whites ray\u00e9 marine et blanc<\/p>\n","protected":false},"featured_media":73931,"comment_status":"closed","ping_status":"closed","template":"","meta":[],"product_brand":[],"product_cat":[1297,1272,1269,1257],"product_tag":[],"class_list":{"0":"post-73129","1":"product","2":"type-product","3":"status-publish","4":"has-post-thumbnail","6":"product_cat-non-palettisable","7":"product_cat-tabliers-uniformes-de-service","8":"product_cat-uniformes-de-service","9":"product_cat-vetements-et-chaussures","10":"product_shipping_class-free-shipping","12":"first","13":"instock","14":"featured","15":"taxable","16":"shipping-taxable","17":"purchasable","18":"product-type-simple"},"_links":{"self":[{"href":"https:\/\/abinox-chr-clim.com\/index.php\/wp-json\/wp\/v2\/product\/73129","targetHints":{"allow":["GET"]}}],"collection":[{"href":"https:\/\/abinox-chr-clim.com\/index.php\/wp-json\/wp\/v2\/product"}],"about":[{"href":"https:\/\/abinox-chr-clim.com\/index.php\/wp-json\/wp\/v2\/types\/product"}],"replies":[{"embeddable":true,"href":"https:\/\/abinox-chr-clim.com\/index.php\/wp-json\/wp\/v2\/comments?post=73129"}],"wp:featuredmedia":[{"embeddable":true,"href":"https:\/\/abinox-chr-clim.com\/index.php\/wp-json\/wp\/v2\/media\/73931"}],"wp:attachment":[{"href":"https:\/\/abinox-chr-clim.com\/index.php\/wp-json\/wp\/v2\/media?parent=73129"}],"wp:term":[{"taxonomy":"product_brand","embeddable":true,"href":"https:\/\/abinox-chr-clim.com\/index.php\/wp-json\/wp\/v2\/product_brand?post=73129"},{"taxonomy":"product_cat","embeddable":true,"href":"https:\/\/abinox-chr-clim.com\/index.php\/wp-json\/wp\/v2\/product_cat?post=73129"},{"taxonomy":"product_tag","embeddable":true,"href":"https:\/\/abinox-chr-clim.com\/index.php\/wp-json\/wp\/v2\/product_tag?post=73129"}],"curies":[{"name":"wp","href":"https:\/\/api.w.org\/{rel}","templated":true}]}}