{"id":73127,"date":"2024-03-22T23:21:59","date_gmt":"2024-03-22T22:21:59","guid":{"rendered":"https:\/\/abinox-chr-clim.com\/index.php\/product\/tablier-bavette-whites-raye-marine-et-blanc\/"},"modified":"2026-04-02T08:22:45","modified_gmt":"2026-04-02T06:22:45","slug":"tablier-bavette-whites-raye-marine-et-blanc","status":"publish","type":"product","link":"https:\/\/abinox-chr-clim.com\/index.php\/product\/tablier-bavette-whites-raye-marine-et-blanc\/","title":{"rendered":"Tablier bavette Whites ray\u00e9 marine et blanc"},"content":{"rendered":"<p>Polyester-coton ray\u00e9 grand teint, r\u00e9sistant et facile d&rsquo;entretien avec attaches cousues et oeillets en laiton.<br \/>Les longues lani\u00e8res offrent un ajustement confortable et s\u00fbr pour toutes les tailles. Les lani\u00e8res cousues \u00e0 la taille donnent plus de r\u00e9sistance au tablier pour une fiabilit\u00e9 durable. Excellente couverture offrant une protection pour le haut et le bas du corps. Prot\u00e8ge contre les \u00e9claboussures et les taches pour garder les uniformes du personnel propres. Mat\u00e9riau en polycoton r\u00e9sistant et lavable en machine pour un nettoyage facile. Design ray\u00e9 traditionel et professionnel parfait pour la cuisine ou la salle de restauration.  Les longues lani\u00e8res offrent un ajustement confortable et s\u00fbr pour toutes les tailles.<\/p>\n<p>Caract\u00e9ristiques :<br \/> Dimensions : 711(L) x 965(L) mm.<br \/> Mati\u00e8re : Polycoton.<br \/> Poids du tissu : 190g\/m\u00b2.<br \/> Couleur : Bleu et blanc.<\/p>\n","protected":false},"excerpt":{"rendered":"<p>Tablier bavette Whites ray\u00e9 marine et blanc<\/p>\n","protected":false},"featured_media":73915,"comment_status":"closed","ping_status":"closed","template":"","meta":[],"product_brand":[],"product_cat":[1297,1272,1269,1257],"product_tag":[],"class_list":{"0":"post-73127","1":"product","2":"type-product","3":"status-publish","4":"has-post-thumbnail","6":"product_cat-non-palettisable","7":"product_cat-tabliers-uniformes-de-service","8":"product_cat-uniformes-de-service","9":"product_cat-vetements-et-chaussures","10":"product_shipping_class-free-shipping","12":"first","13":"instock","14":"featured","15":"taxable","16":"shipping-taxable","17":"purchasable","18":"product-type-simple"},"_links":{"self":[{"href":"https:\/\/abinox-chr-clim.com\/index.php\/wp-json\/wp\/v2\/product\/73127","targetHints":{"allow":["GET"]}}],"collection":[{"href":"https:\/\/abinox-chr-clim.com\/index.php\/wp-json\/wp\/v2\/product"}],"about":[{"href":"https:\/\/abinox-chr-clim.com\/index.php\/wp-json\/wp\/v2\/types\/product"}],"replies":[{"embeddable":true,"href":"https:\/\/abinox-chr-clim.com\/index.php\/wp-json\/wp\/v2\/comments?post=73127"}],"wp:featuredmedia":[{"embeddable":true,"href":"https:\/\/abinox-chr-clim.com\/index.php\/wp-json\/wp\/v2\/media\/73915"}],"wp:attachment":[{"href":"https:\/\/abinox-chr-clim.com\/index.php\/wp-json\/wp\/v2\/media?parent=73127"}],"wp:term":[{"taxonomy":"product_brand","embeddable":true,"href":"https:\/\/abinox-chr-clim.com\/index.php\/wp-json\/wp\/v2\/product_brand?post=73127"},{"taxonomy":"product_cat","embeddable":true,"href":"https:\/\/abinox-chr-clim.com\/index.php\/wp-json\/wp\/v2\/product_cat?post=73127"},{"taxonomy":"product_tag","embeddable":true,"href":"https:\/\/abinox-chr-clim.com\/index.php\/wp-json\/wp\/v2\/product_tag?post=73127"}],"curies":[{"name":"wp","href":"https:\/\/api.w.org\/{rel}","templated":true}]}}