{"id":73125,"date":"2024-03-22T23:21:58","date_gmt":"2024-03-22T22:21:58","guid":{"rendered":"https:\/\/abinox-chr-clim.com\/index.php\/product\/tablier-bavette-whites-blanc\/"},"modified":"2026-04-02T08:22:43","modified_gmt":"2026-04-02T06:22:43","slug":"tablier-bavette-whites-blanc","status":"publish","type":"product","link":"https:\/\/abinox-chr-clim.com\/index.php\/product\/tablier-bavette-whites-blanc\/","title":{"rendered":"Tablier bavette Whites blanc"},"content":{"rendered":"<p>Tabliers traditionnels en polyester-coton blanc, deux mod\u00e8les diff\u00e9rents disponibles avec tresses. Oeillets en laiton tr\u00e8s larges.<br \/>Tresses cousues. Parfait en salle comme en cuisine. Prot\u00e9gez votre uniforme. Tresses cousues.<\/p>\n<p>Caract\u00e9ristiques :<br \/> Dimensions : 711(L) x 965(L) mm.<br \/> Mati\u00e8re : Polycoton.<br \/> Poids du tissu : 190g\/m\u00b2.<br \/> Couleur : Blanc.<\/p>\n","protected":false},"excerpt":{"rendered":"<p>Tablier bavette Whites blanc<\/p>\n","protected":false},"featured_media":73895,"comment_status":"closed","ping_status":"closed","template":"","meta":[],"product_brand":[],"product_cat":[1297,1272,1269,1257],"product_tag":[],"class_list":{"0":"post-73125","1":"product","2":"type-product","3":"status-publish","4":"has-post-thumbnail","6":"product_cat-non-palettisable","7":"product_cat-tabliers-uniformes-de-service","8":"product_cat-uniformes-de-service","9":"product_cat-vetements-et-chaussures","10":"product_shipping_class-free-shipping","12":"first","13":"instock","14":"featured","15":"taxable","16":"shipping-taxable","17":"purchasable","18":"product-type-simple"},"_links":{"self":[{"href":"https:\/\/abinox-chr-clim.com\/index.php\/wp-json\/wp\/v2\/product\/73125","targetHints":{"allow":["GET"]}}],"collection":[{"href":"https:\/\/abinox-chr-clim.com\/index.php\/wp-json\/wp\/v2\/product"}],"about":[{"href":"https:\/\/abinox-chr-clim.com\/index.php\/wp-json\/wp\/v2\/types\/product"}],"replies":[{"embeddable":true,"href":"https:\/\/abinox-chr-clim.com\/index.php\/wp-json\/wp\/v2\/comments?post=73125"}],"wp:featuredmedia":[{"embeddable":true,"href":"https:\/\/abinox-chr-clim.com\/index.php\/wp-json\/wp\/v2\/media\/73895"}],"wp:attachment":[{"href":"https:\/\/abinox-chr-clim.com\/index.php\/wp-json\/wp\/v2\/media?parent=73125"}],"wp:term":[{"taxonomy":"product_brand","embeddable":true,"href":"https:\/\/abinox-chr-clim.com\/index.php\/wp-json\/wp\/v2\/product_brand?post=73125"},{"taxonomy":"product_cat","embeddable":true,"href":"https:\/\/abinox-chr-clim.com\/index.php\/wp-json\/wp\/v2\/product_cat?post=73125"},{"taxonomy":"product_tag","embeddable":true,"href":"https:\/\/abinox-chr-clim.com\/index.php\/wp-json\/wp\/v2\/product_tag?post=73125"}],"curies":[{"name":"wp","href":"https:\/\/api.w.org\/{rel}","templated":true}]}}