{"id":73121,"date":"2024-03-22T23:21:56","date_gmt":"2024-03-22T22:21:56","guid":{"rendered":"https:\/\/abinox-chr-clim.com\/index.php\/product\/tabliers-jetables-en-polyethylene-bleus-145-microns-boite-de-100\/"},"modified":"2026-04-02T08:22:39","modified_gmt":"2026-04-02T06:22:39","slug":"tabliers-jetables-en-polyethylene-bleus-145-microns-boite-de-100","status":"publish","type":"product","link":"https:\/\/abinox-chr-clim.com\/index.php\/product\/tabliers-jetables-en-polyethylene-bleus-145-microns-boite-de-100\/","title":{"rendered":"Tabliers jetables en poly\u00e9thyl\u00e8ne bleus 14,5 microns (Bo\u00eete de 100)"},"content":{"rendered":"<p>Tabliers jetables pratiques \u00e0 usage unique pour une utilisation quotidienne. Id\u00e9al pour le nettoyage.<br \/>Ces tabliers aident \u00e0 r\u00e9duire le risque de contamination et la propagation. L&rsquo;\u00e9paisseur de 14,5 microns conf\u00e8re aux tabliers une solidit\u00e9 et une bonne r\u00e9sistance \u00e0 la d\u00e9chirure. Cette \u00e9paisseur de 14,5 microns rend \u00e9galement les tabliers r\u00e9sistants \u00e0 l&rsquo;eau. La couleur bleue les rend facilement identifiables &#8211; parfait pour les environnements de pr\u00e9paration alimentaire. Ces tabliers sont \u00e9galement parfaits pour le nettoyage \u00e0 code couleur ou la manipulation des aliments. Con\u00e7u pour un usage unique. Id\u00e9al pour une utilisation dans la manipulation des aliments, les environnements de nettoyage ou de coiffure et de beaut\u00e9.Ces tabliers aident \u00e0 r\u00e9duire le risque de contamination et la propagation.<\/p>\n<p>Caract\u00e9ristiques :<br \/>Lot : 100.<br \/> Dimensions : 660(L) x 1067(L) mm.<br \/> Mati\u00e8re : Poly\u00e9thyl\u00e8ne.<br \/> Couleur : Bleu.<\/p>\n","protected":false},"excerpt":{"rendered":"<p>Tabliers jetables en poly\u00e9thyl\u00e8ne bleus 14,5 microns (Bo\u00eete de 100)<\/p>\n","protected":false},"featured_media":73541,"comment_status":"closed","ping_status":"closed","template":"","meta":[],"product_brand":[],"product_cat":[1297,1272,1269,1257],"product_tag":[],"class_list":{"0":"post-73121","1":"product","2":"type-product","3":"status-publish","4":"has-post-thumbnail","6":"product_cat-non-palettisable","7":"product_cat-tabliers-uniformes-de-service","8":"product_cat-uniformes-de-service","9":"product_cat-vetements-et-chaussures","10":"product_shipping_class-free-shipping","12":"first","13":"instock","14":"featured","15":"taxable","16":"shipping-taxable","17":"purchasable","18":"product-type-simple"},"_links":{"self":[{"href":"https:\/\/abinox-chr-clim.com\/index.php\/wp-json\/wp\/v2\/product\/73121","targetHints":{"allow":["GET"]}}],"collection":[{"href":"https:\/\/abinox-chr-clim.com\/index.php\/wp-json\/wp\/v2\/product"}],"about":[{"href":"https:\/\/abinox-chr-clim.com\/index.php\/wp-json\/wp\/v2\/types\/product"}],"replies":[{"embeddable":true,"href":"https:\/\/abinox-chr-clim.com\/index.php\/wp-json\/wp\/v2\/comments?post=73121"}],"wp:featuredmedia":[{"embeddable":true,"href":"https:\/\/abinox-chr-clim.com\/index.php\/wp-json\/wp\/v2\/media\/73541"}],"wp:attachment":[{"href":"https:\/\/abinox-chr-clim.com\/index.php\/wp-json\/wp\/v2\/media?parent=73121"}],"wp:term":[{"taxonomy":"product_brand","embeddable":true,"href":"https:\/\/abinox-chr-clim.com\/index.php\/wp-json\/wp\/v2\/product_brand?post=73121"},{"taxonomy":"product_cat","embeddable":true,"href":"https:\/\/abinox-chr-clim.com\/index.php\/wp-json\/wp\/v2\/product_cat?post=73121"},{"taxonomy":"product_tag","embeddable":true,"href":"https:\/\/abinox-chr-clim.com\/index.php\/wp-json\/wp\/v2\/product_tag?post=73121"}],"curies":[{"name":"wp","href":"https:\/\/api.w.org\/{rel}","templated":true}]}}