{"id":73117,"date":"2024-03-22T23:21:54","date_gmt":"2024-03-22T22:21:54","guid":{"rendered":"https:\/\/abinox-chr-clim.com\/index.php\/product\/chemisiers-femme-blancs-bc-heritage-lsl-taille-s\/"},"modified":"2026-04-02T10:04:45","modified_gmt":"2026-04-02T08:04:45","slug":"chemisiers-femme-blancs-bc-heritage-lsl-taille-s","status":"publish","type":"product","link":"https:\/\/abinox-chr-clim.com\/index.php\/product\/chemisiers-femme-blancs-bc-heritage-lsl-taille-s\/","title":{"rendered":"Chemisiers femme blancs B&#038;C Heritage LSL taille S"},"content":{"rendered":"<p>Chemisier en popeline avec boutons effet nacr\u00e9.<br \/>Entretien facile. Boutons effet nacr\u00e9 de la m\u00eame couleur. Ourlet inf\u00e9rieur arrondi. Poignets r\u00e9glables (2 boutons). Coutures sur le buste : panneau avant et arri\u00e8re pour un ajustement cintr\u00e9. Derni\u00e8re boutonni\u00e8re horizontale.  Entretien facile.<\/p>\n","protected":false},"excerpt":{"rendered":"<p>Chemisiers femme blancs B&#038;C Heritage LSL taille S<\/p>\n","protected":false},"featured_media":0,"comment_status":"closed","ping_status":"closed","template":"","meta":[],"product_brand":[],"product_cat":[1297,1273,1269,1257],"product_tag":[],"class_list":{"0":"post-73117","1":"product","2":"type-product","3":"status-publish","5":"product_cat-non-palettisable","6":"product_cat-t-shirts-et-polos-uniformes-de-service","7":"product_cat-uniformes-de-service","8":"product_cat-vetements-et-chaussures","9":"product_shipping_class-free-shipping","11":"first","12":"instock","13":"featured","14":"taxable","15":"shipping-taxable","16":"purchasable","17":"product-type-simple"},"_links":{"self":[{"href":"https:\/\/abinox-chr-clim.com\/index.php\/wp-json\/wp\/v2\/product\/73117","targetHints":{"allow":["GET"]}}],"collection":[{"href":"https:\/\/abinox-chr-clim.com\/index.php\/wp-json\/wp\/v2\/product"}],"about":[{"href":"https:\/\/abinox-chr-clim.com\/index.php\/wp-json\/wp\/v2\/types\/product"}],"replies":[{"embeddable":true,"href":"https:\/\/abinox-chr-clim.com\/index.php\/wp-json\/wp\/v2\/comments?post=73117"}],"wp:attachment":[{"href":"https:\/\/abinox-chr-clim.com\/index.php\/wp-json\/wp\/v2\/media?parent=73117"}],"wp:term":[{"taxonomy":"product_brand","embeddable":true,"href":"https:\/\/abinox-chr-clim.com\/index.php\/wp-json\/wp\/v2\/product_brand?post=73117"},{"taxonomy":"product_cat","embeddable":true,"href":"https:\/\/abinox-chr-clim.com\/index.php\/wp-json\/wp\/v2\/product_cat?post=73117"},{"taxonomy":"product_tag","embeddable":true,"href":"https:\/\/abinox-chr-clim.com\/index.php\/wp-json\/wp\/v2\/product_tag?post=73117"}],"curies":[{"name":"wp","href":"https:\/\/api.w.org\/{rel}","templated":true}]}}