{"id":73105,"date":"2024-03-22T23:21:49","date_gmt":"2024-03-22T22:21:49","guid":{"rendered":"https:\/\/abinox-chr-clim.com\/index.php\/product\/chemise-habillee-mixte-uniform-works-noire-xl\/"},"modified":"2025-09-17T08:22:47","modified_gmt":"2025-09-17T06:22:47","slug":"chemise-habillee-mixte-uniform-works-noire-xl","status":"publish","type":"product","link":"https:\/\/abinox-chr-clim.com\/index.php\/product\/chemise-habillee-mixte-uniform-works-noire-xl\/","title":{"rendered":"Chemise habill\u00e9e mixte Uniform Works noire XL"},"content":{"rendered":"<p>Des uniformes de service sophistiqu\u00e9s, discrets et contemporains pour donner \u00e0 votre \u00e9tablissement un style professionnel et distinctif.<br \/>Boutons sur le devant, 2 boutons aux manches.Boutons nacr\u00e9s.Poche de poitrine gauche.Manchettes r\u00e9glables.Tailles XS-XXL. Boutons sur le devant, 2 boutons aux manches. .<br \/> Caract\u00e9ristiques :<br \/> Mati\u00e8re : 65% polyester 35% coton.<br \/> Poids du tissu : 110g\/m\u00b2.<br \/> Couleur : Noir.<\/p>\n","protected":false},"excerpt":{"rendered":"<p>Chemise habill\u00e9e mixte Uniform Works noire XL<\/p>\n","protected":false},"featured_media":74516,"comment_status":"closed","ping_status":"closed","template":"","meta":[],"product_brand":[],"product_cat":[1297,1273,1269,1257],"product_tag":[],"class_list":{"0":"post-73105","1":"product","2":"type-product","3":"status-publish","4":"has-post-thumbnail","6":"product_cat-non-palettisable","7":"product_cat-t-shirts-et-polos-uniformes-de-service","8":"product_cat-uniformes-de-service","9":"product_cat-vetements-et-chaussures","10":"product_shipping_class-free-shipping","12":"first","13":"outofstock","14":"featured","15":"taxable","16":"shipping-taxable","17":"purchasable","18":"product-type-simple"},"_links":{"self":[{"href":"https:\/\/abinox-chr-clim.com\/index.php\/wp-json\/wp\/v2\/product\/73105","targetHints":{"allow":["GET"]}}],"collection":[{"href":"https:\/\/abinox-chr-clim.com\/index.php\/wp-json\/wp\/v2\/product"}],"about":[{"href":"https:\/\/abinox-chr-clim.com\/index.php\/wp-json\/wp\/v2\/types\/product"}],"replies":[{"embeddable":true,"href":"https:\/\/abinox-chr-clim.com\/index.php\/wp-json\/wp\/v2\/comments?post=73105"}],"wp:featuredmedia":[{"embeddable":true,"href":"https:\/\/abinox-chr-clim.com\/index.php\/wp-json\/wp\/v2\/media\/74516"}],"wp:attachment":[{"href":"https:\/\/abinox-chr-clim.com\/index.php\/wp-json\/wp\/v2\/media?parent=73105"}],"wp:term":[{"taxonomy":"product_brand","embeddable":true,"href":"https:\/\/abinox-chr-clim.com\/index.php\/wp-json\/wp\/v2\/product_brand?post=73105"},{"taxonomy":"product_cat","embeddable":true,"href":"https:\/\/abinox-chr-clim.com\/index.php\/wp-json\/wp\/v2\/product_cat?post=73105"},{"taxonomy":"product_tag","embeddable":true,"href":"https:\/\/abinox-chr-clim.com\/index.php\/wp-json\/wp\/v2\/product_tag?post=73105"}],"curies":[{"name":"wp","href":"https:\/\/api.w.org\/{rel}","templated":true}]}}