{"id":73088,"date":"2024-03-22T23:21:39","date_gmt":"2024-03-22T22:21:39","guid":{"rendered":"https:\/\/abinox-chr-clim.com\/index.php\/product\/chemise-mixte-uniform-works-manches-longues-blanche-s\/"},"modified":"2026-04-02T08:24:53","modified_gmt":"2026-04-02T06:24:53","slug":"chemise-mixte-uniform-works-manches-longues-blanche-s","status":"publish","type":"product","link":"https:\/\/abinox-chr-clim.com\/index.php\/product\/chemise-mixte-uniform-works-manches-longues-blanche-s\/","title":{"rendered":"Chemise mixte Uniform Works manches longues blanche S"},"content":{"rendered":"<p>Des uniformes de service sophistiqu\u00e9s, discrets et contemporains pour donner \u00e0 votre \u00e9tablissement un style professionnel et distinctif.<br \/>Boutons nacr\u00e9s. Poche de poitrine gauche. Manchettes r\u00e9glables. Tailles XS-XXL. Boutons nacr\u00e9s.<\/p>\n<p>Caract\u00e9ristiques :<br \/> Mati\u00e8re : 65% polyester 35% coton.<br \/> Poids du tissu : 110g\/m\u00b2.<br \/> Couleur : Blanc.<\/p>\n","protected":false},"excerpt":{"rendered":"<p>Chemise mixte Uniform Works manches longues blanche S<\/p>\n","protected":false},"featured_media":74380,"comment_status":"closed","ping_status":"closed","template":"","meta":[],"product_brand":[],"product_cat":[1297,1273,1269,1257],"product_tag":[],"class_list":{"0":"post-73088","1":"product","2":"type-product","3":"status-publish","4":"has-post-thumbnail","6":"product_cat-non-palettisable","7":"product_cat-t-shirts-et-polos-uniformes-de-service","8":"product_cat-uniformes-de-service","9":"product_cat-vetements-et-chaussures","10":"product_shipping_class-free-shipping","12":"first","13":"instock","14":"featured","15":"taxable","16":"shipping-taxable","17":"purchasable","18":"product-type-simple"},"_links":{"self":[{"href":"https:\/\/abinox-chr-clim.com\/index.php\/wp-json\/wp\/v2\/product\/73088","targetHints":{"allow":["GET"]}}],"collection":[{"href":"https:\/\/abinox-chr-clim.com\/index.php\/wp-json\/wp\/v2\/product"}],"about":[{"href":"https:\/\/abinox-chr-clim.com\/index.php\/wp-json\/wp\/v2\/types\/product"}],"replies":[{"embeddable":true,"href":"https:\/\/abinox-chr-clim.com\/index.php\/wp-json\/wp\/v2\/comments?post=73088"}],"wp:featuredmedia":[{"embeddable":true,"href":"https:\/\/abinox-chr-clim.com\/index.php\/wp-json\/wp\/v2\/media\/74380"}],"wp:attachment":[{"href":"https:\/\/abinox-chr-clim.com\/index.php\/wp-json\/wp\/v2\/media?parent=73088"}],"wp:term":[{"taxonomy":"product_brand","embeddable":true,"href":"https:\/\/abinox-chr-clim.com\/index.php\/wp-json\/wp\/v2\/product_brand?post=73088"},{"taxonomy":"product_cat","embeddable":true,"href":"https:\/\/abinox-chr-clim.com\/index.php\/wp-json\/wp\/v2\/product_cat?post=73088"},{"taxonomy":"product_tag","embeddable":true,"href":"https:\/\/abinox-chr-clim.com\/index.php\/wp-json\/wp\/v2\/product_tag?post=73088"}],"curies":[{"name":"wp","href":"https:\/\/api.w.org\/{rel}","templated":true}]}}