{"id":73081,"date":"2024-03-22T23:21:36","date_gmt":"2024-03-22T22:21:36","guid":{"rendered":"https:\/\/abinox-chr-clim.com\/index.php\/product\/pantalon-de-service-femme-noir-events-taille-50\/"},"modified":"2025-09-17T10:36:56","modified_gmt":"2025-09-17T08:36:56","slug":"pantalon-de-service-femme-noir-events-taille-50","status":"publish","type":"product","link":"https:\/\/abinox-chr-clim.com\/index.php\/product\/pantalon-de-service-femme-noir-events-taille-50\/","title":{"rendered":"Pantalon de service femme noir Events taille 50"},"content":{"rendered":"<p>Pantalon classique et \u00e9l\u00e9gant.<br \/>Jambes slim. Anneau pour cl\u00e9s. Taille ajust\u00e9e. Longueur standard &#8211; entrejambe 78cm. Lavage en machine ou nettoyage \u00e0 sec. Coupe f\u00e9minine (plus large aux hanches).  Jambes slim.<\/p>\n<p>Caract\u00e9ristiques :<br \/> Mati\u00e8re : Polyester.<br \/> Poids du tissu : 280g\/m\u00b2.<br \/> Couleur : Noir.<\/p>\n","protected":false},"excerpt":{"rendered":"<p>Pantalon de service femme noir Events taille 50<\/p>\n","protected":false},"featured_media":77143,"comment_status":"closed","ping_status":"closed","template":"","meta":[],"product_brand":[],"product_cat":[1297,1271,1269,1257],"product_tag":[],"class_list":{"0":"post-73081","1":"product","2":"type-product","3":"status-publish","4":"has-post-thumbnail","6":"product_cat-non-palettisable","7":"product_cat-pantalons","8":"product_cat-uniformes-de-service","9":"product_cat-vetements-et-chaussures","10":"product_shipping_class-free-shipping","12":"first","13":"outofstock","14":"featured","15":"taxable","16":"shipping-taxable","17":"purchasable","18":"product-type-simple"},"_links":{"self":[{"href":"https:\/\/abinox-chr-clim.com\/index.php\/wp-json\/wp\/v2\/product\/73081","targetHints":{"allow":["GET"]}}],"collection":[{"href":"https:\/\/abinox-chr-clim.com\/index.php\/wp-json\/wp\/v2\/product"}],"about":[{"href":"https:\/\/abinox-chr-clim.com\/index.php\/wp-json\/wp\/v2\/types\/product"}],"replies":[{"embeddable":true,"href":"https:\/\/abinox-chr-clim.com\/index.php\/wp-json\/wp\/v2\/comments?post=73081"}],"wp:featuredmedia":[{"embeddable":true,"href":"https:\/\/abinox-chr-clim.com\/index.php\/wp-json\/wp\/v2\/media\/77143"}],"wp:attachment":[{"href":"https:\/\/abinox-chr-clim.com\/index.php\/wp-json\/wp\/v2\/media?parent=73081"}],"wp:term":[{"taxonomy":"product_brand","embeddable":true,"href":"https:\/\/abinox-chr-clim.com\/index.php\/wp-json\/wp\/v2\/product_brand?post=73081"},{"taxonomy":"product_cat","embeddable":true,"href":"https:\/\/abinox-chr-clim.com\/index.php\/wp-json\/wp\/v2\/product_cat?post=73081"},{"taxonomy":"product_tag","embeddable":true,"href":"https:\/\/abinox-chr-clim.com\/index.php\/wp-json\/wp\/v2\/product_tag?post=73081"}],"curies":[{"name":"wp","href":"https:\/\/api.w.org\/{rel}","templated":true}]}}