{"id":73068,"date":"2024-03-22T23:21:28","date_gmt":"2024-03-22T22:21:28","guid":{"rendered":"https:\/\/abinox-chr-clim.com\/index.php\/product\/pantalon-de-service-homme-events-noir-taille-40\/"},"modified":"2026-04-02T09:40:29","modified_gmt":"2026-04-02T07:40:29","slug":"pantalon-de-service-homme-events-noir-taille-40","status":"publish","type":"product","link":"https:\/\/abinox-chr-clim.com\/index.php\/product\/pantalon-de-service-homme-events-noir-taille-40\/","title":{"rendered":"Pantalon de service homme Events noir taille 40"},"content":{"rendered":"<p>Pantalon \u00e9l\u00e9gant.<br \/>Passants ceinture. Anneau pour cl\u00e9s. Standard &#8211; entrejambe 78cm. Lavage en machine ou nettoyage \u00e0 sec. R\u00e9sistance \u00e0 l&rsquo;usure et au r\u00e9tr\u00e9cissement. Gilet de service assorti disponible.Passants ceinture.<\/p>\n<p>Caract\u00e9ristiques :<br \/> Mati\u00e8re : Polyester.<br \/> Poids du tissu : 280g\/m\u00b2.<br \/> Couleur : Noir.<\/p>\n","protected":false},"excerpt":{"rendered":"<p>Pantalon de service homme Events noir taille 40<\/p>\n","protected":false},"featured_media":77125,"comment_status":"closed","ping_status":"closed","template":"","meta":[],"product_brand":[],"product_cat":[1297,1271,1269,1257],"product_tag":[],"class_list":{"0":"post-73068","1":"product","2":"type-product","3":"status-publish","4":"has-post-thumbnail","6":"product_cat-non-palettisable","7":"product_cat-pantalons","8":"product_cat-uniformes-de-service","9":"product_cat-vetements-et-chaussures","10":"product_shipping_class-free-shipping","12":"first","13":"outofstock","14":"featured","15":"taxable","16":"shipping-taxable","17":"purchasable","18":"product-type-simple"},"_links":{"self":[{"href":"https:\/\/abinox-chr-clim.com\/index.php\/wp-json\/wp\/v2\/product\/73068","targetHints":{"allow":["GET"]}}],"collection":[{"href":"https:\/\/abinox-chr-clim.com\/index.php\/wp-json\/wp\/v2\/product"}],"about":[{"href":"https:\/\/abinox-chr-clim.com\/index.php\/wp-json\/wp\/v2\/types\/product"}],"replies":[{"embeddable":true,"href":"https:\/\/abinox-chr-clim.com\/index.php\/wp-json\/wp\/v2\/comments?post=73068"}],"wp:featuredmedia":[{"embeddable":true,"href":"https:\/\/abinox-chr-clim.com\/index.php\/wp-json\/wp\/v2\/media\/77125"}],"wp:attachment":[{"href":"https:\/\/abinox-chr-clim.com\/index.php\/wp-json\/wp\/v2\/media?parent=73068"}],"wp:term":[{"taxonomy":"product_brand","embeddable":true,"href":"https:\/\/abinox-chr-clim.com\/index.php\/wp-json\/wp\/v2\/product_brand?post=73068"},{"taxonomy":"product_cat","embeddable":true,"href":"https:\/\/abinox-chr-clim.com\/index.php\/wp-json\/wp\/v2\/product_cat?post=73068"},{"taxonomy":"product_tag","embeddable":true,"href":"https:\/\/abinox-chr-clim.com\/index.php\/wp-json\/wp\/v2\/product_tag?post=73068"}],"curies":[{"name":"wp","href":"https:\/\/api.w.org\/{rel}","templated":true}]}}