{"id":73063,"date":"2024-03-22T23:21:26","date_gmt":"2024-03-22T22:21:26","guid":{"rendered":"https:\/\/abinox-chr-clim.com\/index.php\/product\/pantalon-de-cuisine-mixte-baggy-chef-works-noir-l\/"},"modified":"2026-04-02T08:26:08","modified_gmt":"2026-04-02T06:26:08","slug":"pantalon-de-cuisine-mixte-baggy-chef-works-noir-l","status":"publish","type":"product","link":"https:\/\/abinox-chr-clim.com\/index.php\/product\/pantalon-de-cuisine-mixte-baggy-chef-works-noir-l\/","title":{"rendered":"Pantalon de cuisine mixte Baggy Chef Works noir L"},"content":{"rendered":"<p>Pantalon baggy avec panneaux Cool Vent, confortable et pratique, parfait pour une utilisation en cuisine.<br \/>Zipper fly. Bande \u00e9lastique courb\u00e9e avec cordon de serrage. Pochettes lat\u00e9rales inclin\u00e9es. Instrants de ventilation sur les coutures lat\u00e9rales et \u00e0\u00a0 l&rsquo;arri\u00e8re du genou. Coutures contrast\u00e9es.  Forme moderne. Zipper fly.<\/p>\n<p>Caract\u00e9ristiques :<br \/> Mati\u00e8re : Polyester-coton.<br \/> Poids du tissu : 160g\/m\u00b2.<br \/> Couleur : Noir.<\/p>\n","protected":false},"excerpt":{"rendered":"<p>Pantalon de cuisine mixte Baggy Chef Works noir L<\/p>\n","protected":false},"featured_media":75639,"comment_status":"closed","ping_status":"closed","template":"","meta":[],"product_brand":[],"product_cat":[1297,1271,1269,1257],"product_tag":[],"class_list":{"0":"post-73063","1":"product","2":"type-product","3":"status-publish","4":"has-post-thumbnail","6":"product_cat-non-palettisable","7":"product_cat-pantalons","8":"product_cat-uniformes-de-service","9":"product_cat-vetements-et-chaussures","10":"product_shipping_class-free-shipping","12":"first","13":"instock","14":"featured","15":"taxable","16":"shipping-taxable","17":"purchasable","18":"product-type-simple"},"_links":{"self":[{"href":"https:\/\/abinox-chr-clim.com\/index.php\/wp-json\/wp\/v2\/product\/73063","targetHints":{"allow":["GET"]}}],"collection":[{"href":"https:\/\/abinox-chr-clim.com\/index.php\/wp-json\/wp\/v2\/product"}],"about":[{"href":"https:\/\/abinox-chr-clim.com\/index.php\/wp-json\/wp\/v2\/types\/product"}],"replies":[{"embeddable":true,"href":"https:\/\/abinox-chr-clim.com\/index.php\/wp-json\/wp\/v2\/comments?post=73063"}],"wp:featuredmedia":[{"embeddable":true,"href":"https:\/\/abinox-chr-clim.com\/index.php\/wp-json\/wp\/v2\/media\/75639"}],"wp:attachment":[{"href":"https:\/\/abinox-chr-clim.com\/index.php\/wp-json\/wp\/v2\/media?parent=73063"}],"wp:term":[{"taxonomy":"product_brand","embeddable":true,"href":"https:\/\/abinox-chr-clim.com\/index.php\/wp-json\/wp\/v2\/product_brand?post=73063"},{"taxonomy":"product_cat","embeddable":true,"href":"https:\/\/abinox-chr-clim.com\/index.php\/wp-json\/wp\/v2\/product_cat?post=73063"},{"taxonomy":"product_tag","embeddable":true,"href":"https:\/\/abinox-chr-clim.com\/index.php\/wp-json\/wp\/v2\/product_tag?post=73063"}],"curies":[{"name":"wp","href":"https:\/\/api.w.org\/{rel}","templated":true}]}}