{"id":73051,"date":"2024-03-22T23:21:20","date_gmt":"2024-03-22T22:21:20","guid":{"rendered":"https:\/\/abinox-chr-clim.com\/index.php\/product\/veste-col-officier-southside-blanche-taille-l\/"},"modified":"2026-04-02T10:02:36","modified_gmt":"2026-04-02T08:02:36","slug":"veste-col-officier-southside-blanche-taille-l","status":"publish","type":"product","link":"https:\/\/abinox-chr-clim.com\/index.php\/product\/veste-col-officier-southside-blanche-taille-l\/","title":{"rendered":"Veste col officier Southside blanche &#8211; Taille L"},"content":{"rendered":"<p>Un tissu l\u00e9ger de 190 grammes, avec des manches courtes et un panneau d&rsquo;a\u00e9ration des deux c\u00f4t\u00e9s. Disponible en 3 coloris ; blanc, noir et anthracite.<br \/>Simple boutonnage. Col officier. Manches courtes. Tissu l\u00e9ger. Panneaux de ventilation. Poche stylo.  Simple boutonnage.<\/p>\n<p>Caract\u00e9ristiques :<br \/> Mati\u00e8re : .<br \/> Poids du tissu : 190g\/m\u00b2.<br \/> Couleur : Blanc.<\/p>\n","protected":false},"excerpt":{"rendered":"<p>Veste col officier Southside blanche &#8211; Taille L<\/p>\n","protected":false},"featured_media":78375,"comment_status":"closed","ping_status":"closed","template":"","meta":[],"product_brand":[],"product_cat":[1270,1297,1269,1257],"product_tag":[],"class_list":{"0":"post-73051","1":"product","2":"type-product","3":"status-publish","4":"has-post-thumbnail","6":"product_cat-divers-uniformes-de-service","7":"product_cat-non-palettisable","8":"product_cat-uniformes-de-service","9":"product_cat-vetements-et-chaussures","10":"product_shipping_class-free-shipping","12":"first","13":"instock","14":"featured","15":"taxable","16":"shipping-taxable","17":"purchasable","18":"product-type-simple"},"_links":{"self":[{"href":"https:\/\/abinox-chr-clim.com\/index.php\/wp-json\/wp\/v2\/product\/73051","targetHints":{"allow":["GET"]}}],"collection":[{"href":"https:\/\/abinox-chr-clim.com\/index.php\/wp-json\/wp\/v2\/product"}],"about":[{"href":"https:\/\/abinox-chr-clim.com\/index.php\/wp-json\/wp\/v2\/types\/product"}],"replies":[{"embeddable":true,"href":"https:\/\/abinox-chr-clim.com\/index.php\/wp-json\/wp\/v2\/comments?post=73051"}],"wp:featuredmedia":[{"embeddable":true,"href":"https:\/\/abinox-chr-clim.com\/index.php\/wp-json\/wp\/v2\/media\/78375"}],"wp:attachment":[{"href":"https:\/\/abinox-chr-clim.com\/index.php\/wp-json\/wp\/v2\/media?parent=73051"}],"wp:term":[{"taxonomy":"product_brand","embeddable":true,"href":"https:\/\/abinox-chr-clim.com\/index.php\/wp-json\/wp\/v2\/product_brand?post=73051"},{"taxonomy":"product_cat","embeddable":true,"href":"https:\/\/abinox-chr-clim.com\/index.php\/wp-json\/wp\/v2\/product_cat?post=73051"},{"taxonomy":"product_tag","embeddable":true,"href":"https:\/\/abinox-chr-clim.com\/index.php\/wp-json\/wp\/v2\/product_tag?post=73051"}],"curies":[{"name":"wp","href":"https:\/\/api.w.org\/{rel}","templated":true}]}}