{"id":73048,"date":"2024-03-22T23:21:19","date_gmt":"2024-03-22T22:21:19","guid":{"rendered":"https:\/\/abinox-chr-clim.com\/index.php\/product\/veste-ajustee-pour-femme-whites-taille-m\/"},"modified":"2026-03-16T12:22:16","modified_gmt":"2026-03-16T11:22:16","slug":"veste-ajustee-pour-femme-whites-taille-m","status":"publish","type":"product","link":"https:\/\/abinox-chr-clim.com\/index.php\/product\/veste-ajustee-pour-femme-whites-taille-m\/","title":{"rendered":"Veste ajust\u00e9e pour femme Whites &#8211; Taille M"},"content":{"rendered":"<p>Les coutures incurv\u00e9es sur le panneau arri\u00e8re donnent \u00e0 la veste sa forme. Manches 3 quarts et manchettes fendues. Trous de ventilation au niveau des aisselles pour plus de confort.<br \/>Coutures de forme incurv\u00e9e pour donner sa forme \u00e0 la veste. Tissu l\u00e9ger &#8211; tissu 190g\/m\u00b2. Longueur des manches 3\/4 avec manchette fendu. Poche bras gauche. Double boutonnage. Trous de ventilation aux aisselles.  Coutures de forme incurv\u00e9e pour donner sa forme \u00e0 la veste.<\/p>\n<p>Caract\u00e9ristiques :<br \/> Mati\u00e8re : Polycoton.<br \/> Poids du tissu : 190g\/m\u00b2.<br \/> Couleur : Blanc.<\/p>\n","protected":false},"excerpt":{"rendered":"<p>Veste ajust\u00e9e pour femme Whites &#8211; Taille M<\/p>\n","protected":false},"featured_media":78355,"comment_status":"closed","ping_status":"closed","template":"","meta":[],"product_brand":[],"product_cat":[1270,1297,1269,1257],"product_tag":[],"class_list":{"0":"post-73048","1":"product","2":"type-product","3":"status-publish","4":"has-post-thumbnail","6":"product_cat-divers-uniformes-de-service","7":"product_cat-non-palettisable","8":"product_cat-uniformes-de-service","9":"product_cat-vetements-et-chaussures","10":"product_shipping_class-free-shipping","12":"first","13":"outofstock","14":"featured","15":"taxable","16":"shipping-taxable","17":"purchasable","18":"product-type-simple"},"_links":{"self":[{"href":"https:\/\/abinox-chr-clim.com\/index.php\/wp-json\/wp\/v2\/product\/73048","targetHints":{"allow":["GET"]}}],"collection":[{"href":"https:\/\/abinox-chr-clim.com\/index.php\/wp-json\/wp\/v2\/product"}],"about":[{"href":"https:\/\/abinox-chr-clim.com\/index.php\/wp-json\/wp\/v2\/types\/product"}],"replies":[{"embeddable":true,"href":"https:\/\/abinox-chr-clim.com\/index.php\/wp-json\/wp\/v2\/comments?post=73048"}],"wp:featuredmedia":[{"embeddable":true,"href":"https:\/\/abinox-chr-clim.com\/index.php\/wp-json\/wp\/v2\/media\/78355"}],"wp:attachment":[{"href":"https:\/\/abinox-chr-clim.com\/index.php\/wp-json\/wp\/v2\/media?parent=73048"}],"wp:term":[{"taxonomy":"product_brand","embeddable":true,"href":"https:\/\/abinox-chr-clim.com\/index.php\/wp-json\/wp\/v2\/product_brand?post=73048"},{"taxonomy":"product_cat","embeddable":true,"href":"https:\/\/abinox-chr-clim.com\/index.php\/wp-json\/wp\/v2\/product_cat?post=73048"},{"taxonomy":"product_tag","embeddable":true,"href":"https:\/\/abinox-chr-clim.com\/index.php\/wp-json\/wp\/v2\/product_tag?post=73048"}],"curies":[{"name":"wp","href":"https:\/\/api.w.org\/{rel}","templated":true}]}}