{"id":73046,"date":"2024-03-22T23:21:18","date_gmt":"2024-03-22T22:21:18","guid":{"rendered":"https:\/\/abinox-chr-clim.com\/index.php\/product\/pantalon-homme-slim-stretch-cargo-noir-48\/"},"modified":"2026-04-02T10:01:16","modified_gmt":"2026-04-02T08:01:16","slug":"pantalon-homme-slim-stretch-cargo-noir-48","status":"publish","type":"product","link":"https:\/\/abinox-chr-clim.com\/index.php\/product\/pantalon-homme-slim-stretch-cargo-noir-48\/","title":{"rendered":"Pantalon homme slim stretch Cargo noir 48"},"content":{"rendered":"<p>Le tissu extensible offre confort et facilit\u00e9 de mouvement. Plusieurs poches utilitaires et un crochet dissimul\u00e9 \u00e0 la taille. Tr\u00e8s durable avec des coutures doubles partout et des points d&rsquo;arr\u00eat aux points de tension.<br \/>La coupe moderne et ajust\u00e9e ajoute une touche \u00e9l\u00e9gante et professionnelle aux uniformes. Le tissu extensible offre un excellent confort pendant le mouvement. Plusieurs poches pratiques permettent au personnel de garder les essentiels de travail sur eux \u00e0 tout moment. Le polycoton riche en coton offre une excellente durabilit\u00e9 et respirabilit\u00e9. Le coloris noir aide \u00e0 masquer les taches et \u00e0 donner un aspect professionnel. Poids du tissu 255gsm. Tailles disponibles 40-48.La coupe moderne et ajust\u00e9e ajoute une touche \u00e9l\u00e9gante et professionnelle aux uniformes.<\/p>\n<p>Caract\u00e9ristiques :<br \/> Mati\u00e8re : .<br \/> Poids du tissu : 255g\/m\u00b2.<br \/> Couleur : Noir.<\/p>\n","protected":false},"excerpt":{"rendered":"<p>Pantalon homme slim stretch Cargo noir 48<\/p>\n","protected":false},"featured_media":77962,"comment_status":"closed","ping_status":"closed","template":"","meta":[],"product_brand":[],"product_cat":[1270,1297,1269,1257],"product_tag":[],"class_list":{"0":"post-73046","1":"product","2":"type-product","3":"status-publish","4":"has-post-thumbnail","6":"product_cat-divers-uniformes-de-service","7":"product_cat-non-palettisable","8":"product_cat-uniformes-de-service","9":"product_cat-vetements-et-chaussures","10":"product_shipping_class-free-shipping","12":"first","13":"instock","14":"featured","15":"taxable","16":"shipping-taxable","17":"purchasable","18":"product-type-simple"},"_links":{"self":[{"href":"https:\/\/abinox-chr-clim.com\/index.php\/wp-json\/wp\/v2\/product\/73046","targetHints":{"allow":["GET"]}}],"collection":[{"href":"https:\/\/abinox-chr-clim.com\/index.php\/wp-json\/wp\/v2\/product"}],"about":[{"href":"https:\/\/abinox-chr-clim.com\/index.php\/wp-json\/wp\/v2\/types\/product"}],"replies":[{"embeddable":true,"href":"https:\/\/abinox-chr-clim.com\/index.php\/wp-json\/wp\/v2\/comments?post=73046"}],"wp:featuredmedia":[{"embeddable":true,"href":"https:\/\/abinox-chr-clim.com\/index.php\/wp-json\/wp\/v2\/media\/77962"}],"wp:attachment":[{"href":"https:\/\/abinox-chr-clim.com\/index.php\/wp-json\/wp\/v2\/media?parent=73046"}],"wp:term":[{"taxonomy":"product_brand","embeddable":true,"href":"https:\/\/abinox-chr-clim.com\/index.php\/wp-json\/wp\/v2\/product_brand?post=73046"},{"taxonomy":"product_cat","embeddable":true,"href":"https:\/\/abinox-chr-clim.com\/index.php\/wp-json\/wp\/v2\/product_cat?post=73046"},{"taxonomy":"product_tag","embeddable":true,"href":"https:\/\/abinox-chr-clim.com\/index.php\/wp-json\/wp\/v2\/product_tag?post=73046"}],"curies":[{"name":"wp","href":"https:\/\/api.w.org\/{rel}","templated":true}]}}