{"id":73034,"date":"2024-03-22T23:21:10","date_gmt":"2024-03-22T22:21:10","guid":{"rendered":"https:\/\/abinox-chr-clim.com\/index.php\/product\/cravate-a-clip-noire\/"},"modified":"2026-04-02T08:23:02","modified_gmt":"2026-04-02T06:23:02","slug":"cravate-a-clip-noire","status":"publish","type":"product","link":"https:\/\/abinox-chr-clim.com\/index.php\/product\/cravate-a-clip-noire\/","title":{"rendered":"Cravate \u00e0 clip noire"},"content":{"rendered":"<p>Polyester-coton. Pr\u00eate \u00e0 porter, le noeud est permanent. Aspect identique aux cravates traditionnelles.<br \/>Pr\u00eate \u00e0 porter. Pr\u00eate \u00e0 porter. .<br \/> Caract\u00e9ristiques :<br \/> Mati\u00e8re : Polyester.<br \/> Couleur : Noir.<\/p>\n","protected":false},"excerpt":{"rendered":"<p>Cravate \u00e0 clip noire<\/p>\n","protected":false},"featured_media":74357,"comment_status":"closed","ping_status":"closed","template":"","meta":[],"product_brand":[],"product_cat":[1270,1297,1269,1257],"product_tag":[],"class_list":{"0":"post-73034","1":"product","2":"type-product","3":"status-publish","4":"has-post-thumbnail","6":"product_cat-divers-uniformes-de-service","7":"product_cat-non-palettisable","8":"product_cat-uniformes-de-service","9":"product_cat-vetements-et-chaussures","10":"product_shipping_class-free-shipping","12":"first","13":"outofstock","14":"featured","15":"taxable","16":"shipping-taxable","17":"purchasable","18":"product-type-simple"},"_links":{"self":[{"href":"https:\/\/abinox-chr-clim.com\/index.php\/wp-json\/wp\/v2\/product\/73034","targetHints":{"allow":["GET"]}}],"collection":[{"href":"https:\/\/abinox-chr-clim.com\/index.php\/wp-json\/wp\/v2\/product"}],"about":[{"href":"https:\/\/abinox-chr-clim.com\/index.php\/wp-json\/wp\/v2\/types\/product"}],"replies":[{"embeddable":true,"href":"https:\/\/abinox-chr-clim.com\/index.php\/wp-json\/wp\/v2\/comments?post=73034"}],"wp:featuredmedia":[{"embeddable":true,"href":"https:\/\/abinox-chr-clim.com\/index.php\/wp-json\/wp\/v2\/media\/74357"}],"wp:attachment":[{"href":"https:\/\/abinox-chr-clim.com\/index.php\/wp-json\/wp\/v2\/media?parent=73034"}],"wp:term":[{"taxonomy":"product_brand","embeddable":true,"href":"https:\/\/abinox-chr-clim.com\/index.php\/wp-json\/wp\/v2\/product_brand?post=73034"},{"taxonomy":"product_cat","embeddable":true,"href":"https:\/\/abinox-chr-clim.com\/index.php\/wp-json\/wp\/v2\/product_cat?post=73034"},{"taxonomy":"product_tag","embeddable":true,"href":"https:\/\/abinox-chr-clim.com\/index.php\/wp-json\/wp\/v2\/product_tag?post=73034"}],"curies":[{"name":"wp","href":"https:\/\/api.w.org\/{rel}","templated":true}]}}