{"id":73007,"date":"2024-03-22T23:20:56","date_gmt":"2024-03-22T22:20:56","guid":{"rendered":"https:\/\/abinox-chr-clim.com\/index.php\/product\/veste-de-cuisine-mixte-whites-chicago-manches-courtes-blanche-xxl\/"},"modified":"2026-04-02T08:43:29","modified_gmt":"2026-04-02T06:43:29","slug":"veste-de-cuisine-mixte-whites-chicago-manches-courtes-blanche-xxl","status":"publish","type":"product","link":"https:\/\/abinox-chr-clim.com\/index.php\/product\/veste-de-cuisine-mixte-whites-chicago-manches-courtes-blanche-xxl\/","title":{"rendered":"Veste de cuisine mixte Whites Chicago manches courtes blanche XXL"},"content":{"rendered":"<p>Vestes de cuisine traditionnelles et pratiques pour un confort quotidien en cuisine. Fournies avec des boutons noirs amovibles pour faciliter le lavage. Coupe mixte, mod\u00e8les manches courtes ou manches longues. (Boutons de rechange vendus s\u00e9par\u00e9ment).<br \/>La conception \u00e0 double boutonnage am\u00e9liore la protection contre les \u00e9claboussures. La conception \u00e0 double boutonnage donne \u00e9galement un aspect professionnel. La poche pour thermom\u00e8tre ou cuill\u00e8re de d\u00e9gustation sur la manche gauche permet de garder le mat\u00e9riel de cuisine \u00e0 port\u00e9e de main. Col montant pour une protection suppl\u00e9mentaire contre les \u00e9claboussures. Lavable en blanchisserie industrielle. La couleur blanche aide \u00e0 \u00e9vacuer la chaleur du corps. Convient au lavage professionnel pour un nettoyage rapide et complet. La couleur blanche ajoute une touche classique et \u00e9l\u00e9gante \u00e0 vos services. Les manches courtes permettent au personnel de rester au frais. La construction en polycoton offre une excellente durabilit\u00e9. La conception \u00e0 double boutonnage am\u00e9liore la protection contre les \u00e9claboussures.<\/p>\n<p>Caract\u00e9ristiques :<br \/> Tour de poitrine : 132 &#8211; 137cm.<br \/> Mati\u00e8re : Polycoton.<br \/> Poids du tissu : 235g\/m\u00b2.<br \/> Couleur : Blanc.<\/p>\n","protected":false},"excerpt":{"rendered":"<p>Veste de cuisine mixte Whites Chicago manches courtes blanche XXL<\/p>\n","protected":false},"featured_media":89277,"comment_status":"closed","ping_status":"closed","template":"","meta":[],"product_brand":[],"product_cat":[1297,1262,1268,1257],"product_tag":[],"class_list":{"0":"post-73007","1":"product","2":"type-product","3":"status-publish","4":"has-post-thumbnail","6":"product_cat-non-palettisable","7":"product_cat-tenues-de-cuisine","8":"product_cat-vestes-de-cuisine","9":"product_cat-vetements-et-chaussures","10":"product_shipping_class-free-shipping","12":"first","13":"outofstock","14":"featured","15":"taxable","16":"shipping-taxable","17":"purchasable","18":"product-type-simple"},"_links":{"self":[{"href":"https:\/\/abinox-chr-clim.com\/index.php\/wp-json\/wp\/v2\/product\/73007","targetHints":{"allow":["GET"]}}],"collection":[{"href":"https:\/\/abinox-chr-clim.com\/index.php\/wp-json\/wp\/v2\/product"}],"about":[{"href":"https:\/\/abinox-chr-clim.com\/index.php\/wp-json\/wp\/v2\/types\/product"}],"replies":[{"embeddable":true,"href":"https:\/\/abinox-chr-clim.com\/index.php\/wp-json\/wp\/v2\/comments?post=73007"}],"wp:featuredmedia":[{"embeddable":true,"href":"https:\/\/abinox-chr-clim.com\/index.php\/wp-json\/wp\/v2\/media\/89277"}],"wp:attachment":[{"href":"https:\/\/abinox-chr-clim.com\/index.php\/wp-json\/wp\/v2\/media?parent=73007"}],"wp:term":[{"taxonomy":"product_brand","embeddable":true,"href":"https:\/\/abinox-chr-clim.com\/index.php\/wp-json\/wp\/v2\/product_brand?post=73007"},{"taxonomy":"product_cat","embeddable":true,"href":"https:\/\/abinox-chr-clim.com\/index.php\/wp-json\/wp\/v2\/product_cat?post=73007"},{"taxonomy":"product_tag","embeddable":true,"href":"https:\/\/abinox-chr-clim.com\/index.php\/wp-json\/wp\/v2\/product_tag?post=73007"}],"curies":[{"name":"wp","href":"https:\/\/api.w.org\/{rel}","templated":true}]}}