{"id":72991,"date":"2024-03-22T23:20:49","date_gmt":"2024-03-22T22:20:49","guid":{"rendered":"https:\/\/abinox-chr-clim.com\/index.php\/product\/veste-de-cuisinier-a-manches-courtes-chef-works-cannes-l\/"},"modified":"2026-04-02T10:10:01","modified_gmt":"2026-04-02T08:10:01","slug":"veste-de-cuisinier-a-manches-courtes-chef-works-cannes-l","status":"publish","type":"product","link":"https:\/\/abinox-chr-clim.com\/index.php\/product\/veste-de-cuisinier-a-manches-courtes-chef-works-cannes-l\/","title":{"rendered":"Veste de cuisinier \u00e0 manches courtes Chef Works Cannes L"},"content":{"rendered":"<p>Un choix \u00e9l\u00e9gant et confortable pour tout personnel de cuisine professionnel. Gr\u00e2ce \u00e0 sa conception l\u00e9g\u00e8re \u00e0 manches courtes, la veste est parfaite pour les cuisines chaudes, vous offrant le confort dont vous avez besoin pour vous concentrer sur le travail.<br \/>Simple boutonnage. Tissu serg\u00e9 l\u00e9ger. Boutons-pression en m\u00e9tal dissimul\u00e9s. Manches courtes. Mixte. Panneaux d&rsquo;a\u00e9ration sous les bras. Patte porte-tablier \u00e0 l&rsquo;arri\u00e8re du col.Simple boutonnage.<\/p>\n<p>Caract\u00e9ristiques :<br \/> Mati\u00e8re : Polycoton.<br \/> Poids du tissu : 160g\/m\u00b2.<br \/> Couleur : Blanc.<\/p>\n","protected":false},"excerpt":{"rendered":"<p>Veste de cuisinier \u00e0 manches courtes Chef Works Cannes L<\/p>\n","protected":false},"featured_media":78119,"comment_status":"closed","ping_status":"closed","template":"","meta":[],"product_brand":[],"product_cat":[1297,1262,1268,1257],"product_tag":[],"class_list":{"0":"post-72991","1":"product","2":"type-product","3":"status-publish","4":"has-post-thumbnail","6":"product_cat-non-palettisable","7":"product_cat-tenues-de-cuisine","8":"product_cat-vestes-de-cuisine","9":"product_cat-vetements-et-chaussures","10":"product_shipping_class-free-shipping","12":"first","13":"instock","14":"featured","15":"taxable","16":"shipping-taxable","17":"purchasable","18":"product-type-simple"},"_links":{"self":[{"href":"https:\/\/abinox-chr-clim.com\/index.php\/wp-json\/wp\/v2\/product\/72991","targetHints":{"allow":["GET"]}}],"collection":[{"href":"https:\/\/abinox-chr-clim.com\/index.php\/wp-json\/wp\/v2\/product"}],"about":[{"href":"https:\/\/abinox-chr-clim.com\/index.php\/wp-json\/wp\/v2\/types\/product"}],"replies":[{"embeddable":true,"href":"https:\/\/abinox-chr-clim.com\/index.php\/wp-json\/wp\/v2\/comments?post=72991"}],"wp:featuredmedia":[{"embeddable":true,"href":"https:\/\/abinox-chr-clim.com\/index.php\/wp-json\/wp\/v2\/media\/78119"}],"wp:attachment":[{"href":"https:\/\/abinox-chr-clim.com\/index.php\/wp-json\/wp\/v2\/media?parent=72991"}],"wp:term":[{"taxonomy":"product_brand","embeddable":true,"href":"https:\/\/abinox-chr-clim.com\/index.php\/wp-json\/wp\/v2\/product_brand?post=72991"},{"taxonomy":"product_cat","embeddable":true,"href":"https:\/\/abinox-chr-clim.com\/index.php\/wp-json\/wp\/v2\/product_cat?post=72991"},{"taxonomy":"product_tag","embeddable":true,"href":"https:\/\/abinox-chr-clim.com\/index.php\/wp-json\/wp\/v2\/product_tag?post=72991"}],"curies":[{"name":"wp","href":"https:\/\/api.w.org\/{rel}","templated":true}]}}