{"id":72989,"date":"2024-03-22T23:20:48","date_gmt":"2024-03-22T22:20:48","guid":{"rendered":"https:\/\/abinox-chr-clim.com\/index.php\/product\/veste-mixte-a-boutons-pression-manches-courtes-chef-works-tribeca-denim-noir-s\/"},"modified":"2026-04-02T09:40:47","modified_gmt":"2026-04-02T07:40:47","slug":"veste-mixte-a-boutons-pression-manches-courtes-chef-works-tribeca-denim-noir-s","status":"publish","type":"product","link":"https:\/\/abinox-chr-clim.com\/index.php\/product\/veste-mixte-a-boutons-pression-manches-courtes-chef-works-tribeca-denim-noir-s\/","title":{"rendered":"Veste mixte \u00e0 boutons pression manches courtes Chef Works Tribeca denim noir S"},"content":{"rendered":"<p>Restez au frais et serein tout au long du service avec cette veste mixte l\u00e9g\u00e8re et moderne. Grande flexibilit\u00e9 gr\u00e2ce aux empi\u00e8cements extensibles et au boutonnage simple avec boutons pression. Poss\u00e8de des poches \u00e0 fermeture \u00e9clair dissimul\u00e9es, une poche sur chaque manche et une patte de maintien tablier \u00e0 bouton-pression pour plus de praticit\u00e9.<br \/>Simple boutonnage. Empi\u00e8cements lat\u00e9raux et dorsal extensibles pour faciliter le mouvement et apporter plus de confort. Patte maintien tablier avec fixation m\u00e9tal grav\u00e9. Poches \u00e0 fermeture \u00e9clair dissimul\u00e9es \u00e0 l&rsquo;avant, poche thermom\u00e8tre sur la manche gauche, poche t\u00e9l\u00e9phone sur la manche droite. Coupe unisexe. Tailles S-XL. Manches courtes pour la libert\u00e9 de mouvement. 100% coton a\u00e9r\u00e9.Simple boutonnage.<\/p>\n<p>Caract\u00e9ristiques :<br \/> Mati\u00e8re : 100% coton.<br \/> Poids du tissu : 162g\/m\u00b2.<br \/> Couleur : Gris.<\/p>\n","protected":false},"excerpt":{"rendered":"<p>Veste mixte \u00e0 boutons pression manches courtes Chef Works Tribeca denim noir S<\/p>\n","protected":false},"featured_media":77525,"comment_status":"closed","ping_status":"closed","template":"","meta":[],"product_brand":[],"product_cat":[1297,1262,1268,1257],"product_tag":[],"class_list":{"0":"post-72989","1":"product","2":"type-product","3":"status-publish","4":"has-post-thumbnail","6":"product_cat-non-palettisable","7":"product_cat-tenues-de-cuisine","8":"product_cat-vestes-de-cuisine","9":"product_cat-vetements-et-chaussures","10":"product_shipping_class-free-shipping","12":"first","13":"outofstock","14":"featured","15":"taxable","16":"shipping-taxable","17":"purchasable","18":"product-type-simple"},"_links":{"self":[{"href":"https:\/\/abinox-chr-clim.com\/index.php\/wp-json\/wp\/v2\/product\/72989","targetHints":{"allow":["GET"]}}],"collection":[{"href":"https:\/\/abinox-chr-clim.com\/index.php\/wp-json\/wp\/v2\/product"}],"about":[{"href":"https:\/\/abinox-chr-clim.com\/index.php\/wp-json\/wp\/v2\/types\/product"}],"replies":[{"embeddable":true,"href":"https:\/\/abinox-chr-clim.com\/index.php\/wp-json\/wp\/v2\/comments?post=72989"}],"wp:featuredmedia":[{"embeddable":true,"href":"https:\/\/abinox-chr-clim.com\/index.php\/wp-json\/wp\/v2\/media\/77525"}],"wp:attachment":[{"href":"https:\/\/abinox-chr-clim.com\/index.php\/wp-json\/wp\/v2\/media?parent=72989"}],"wp:term":[{"taxonomy":"product_brand","embeddable":true,"href":"https:\/\/abinox-chr-clim.com\/index.php\/wp-json\/wp\/v2\/product_brand?post=72989"},{"taxonomy":"product_cat","embeddable":true,"href":"https:\/\/abinox-chr-clim.com\/index.php\/wp-json\/wp\/v2\/product_cat?post=72989"},{"taxonomy":"product_tag","embeddable":true,"href":"https:\/\/abinox-chr-clim.com\/index.php\/wp-json\/wp\/v2\/product_tag?post=72989"}],"curies":[{"name":"wp","href":"https:\/\/api.w.org\/{rel}","templated":true}]}}