{"id":72972,"date":"2024-03-22T23:20:37","date_gmt":"2024-03-22T22:20:37","guid":{"rendered":"https:\/\/abinox-chr-clim.com\/index.php\/product\/veste-de-cuisine-mixte-legere-a-fermeture-eclair-hartford-chef-works-urban-gris-graphite-l\/"},"modified":"2025-06-17T10:46:28","modified_gmt":"2025-06-17T08:46:28","slug":"veste-de-cuisine-mixte-legere-a-fermeture-eclair-hartford-chef-works-urban-gris-graphite-l","status":"publish","type":"product","link":"https:\/\/abinox-chr-clim.com\/index.php\/product\/veste-de-cuisine-mixte-legere-a-fermeture-eclair-hartford-chef-works-urban-gris-graphite-l\/","title":{"rendered":"Veste de cuisine mixte l\u00e9g\u00e8re \u00e0 fermeture \u00e9clair Hartford Chef Works Urban gris graphite L"},"content":{"rendered":"<p>Fabriqu\u00e9e \u00e0 partir de serg\u00e9 de coton l\u00e9ger avec un rev\u00eatement Cool Vent \u00bf pour une respirabilit\u00e9 sup\u00e9rieure, cette veste de cuisine mixte r\u00e9sistante est un indispensable \u00e0 prix abordable. Les manches longues enroulables permettent de transformer votre veste en fonction des besoins de protection et de la chaleur, tandis que la fermeture-\u00e9clair repr\u00e9sente un gain un temps pr\u00e9cieux lors du changement de tenue. Confortable, \u00e9l\u00e9gant et id\u00e9al pour toute cuisine professionnelle.<br \/>Droite. Patte maintien tablier avec fixation m\u00e9tal grav\u00e9. Manches longues enroulables avec patte de maintien. Patte maintien tablier avec fixation m\u00e9tal grav\u00e9. Tissu \u00ab\u00a0Lite\u00a0\u00bb (160g\/m\u00b2). Tailles XS-XL. Unisexe. Manches longues pour prot\u00e9ger. Poche thermom\u00e8tre sur la manche gauche, poche t\u00e9l\u00e9phone sur la manche droite. Fermeture \u00e9clair dissimul\u00e9e. M\u00e9lange en polyester-coton respirant riche en coton (65% coton, 35% polyester). Droite.<\/p>\n<p>Caract\u00e9ristiques :<br \/> Mati\u00e8re : 65% polyester 35% coton.<br \/> Poids du tissu : 160g\/m\u00b2.<br \/> Couleur : Gris.<\/p>\n","protected":false},"excerpt":{"rendered":"<p>Veste de cuisine mixte l\u00e9g\u00e8re \u00e0 fermeture \u00e9clair Hartford Chef Works Urban gris graphite L<\/p>\n","protected":false},"featured_media":77230,"comment_status":"closed","ping_status":"closed","template":"","meta":[],"product_brand":[],"product_cat":[1297,1262,1268,1257],"product_tag":[],"class_list":{"0":"post-72972","1":"product","2":"type-product","3":"status-publish","4":"has-post-thumbnail","6":"product_cat-non-palettisable","7":"product_cat-tenues-de-cuisine","8":"product_cat-vestes-de-cuisine","9":"product_cat-vetements-et-chaussures","10":"product_shipping_class-free-shipping","12":"first","13":"outofstock","14":"featured","15":"taxable","16":"shipping-taxable","17":"purchasable","18":"product-type-simple"},"_links":{"self":[{"href":"https:\/\/abinox-chr-clim.com\/index.php\/wp-json\/wp\/v2\/product\/72972","targetHints":{"allow":["GET"]}}],"collection":[{"href":"https:\/\/abinox-chr-clim.com\/index.php\/wp-json\/wp\/v2\/product"}],"about":[{"href":"https:\/\/abinox-chr-clim.com\/index.php\/wp-json\/wp\/v2\/types\/product"}],"replies":[{"embeddable":true,"href":"https:\/\/abinox-chr-clim.com\/index.php\/wp-json\/wp\/v2\/comments?post=72972"}],"wp:featuredmedia":[{"embeddable":true,"href":"https:\/\/abinox-chr-clim.com\/index.php\/wp-json\/wp\/v2\/media\/77230"}],"wp:attachment":[{"href":"https:\/\/abinox-chr-clim.com\/index.php\/wp-json\/wp\/v2\/media?parent=72972"}],"wp:term":[{"taxonomy":"product_brand","embeddable":true,"href":"https:\/\/abinox-chr-clim.com\/index.php\/wp-json\/wp\/v2\/product_brand?post=72972"},{"taxonomy":"product_cat","embeddable":true,"href":"https:\/\/abinox-chr-clim.com\/index.php\/wp-json\/wp\/v2\/product_cat?post=72972"},{"taxonomy":"product_tag","embeddable":true,"href":"https:\/\/abinox-chr-clim.com\/index.php\/wp-json\/wp\/v2\/product_tag?post=72972"}],"curies":[{"name":"wp","href":"https:\/\/api.w.org\/{rel}","templated":true}]}}