{"id":72969,"date":"2024-03-22T23:20:36","date_gmt":"2024-03-22T22:20:36","guid":{"rendered":"https:\/\/abinox-chr-clim.com\/index.php\/product\/veste-de-cuisine-femme-zippee-legere-springfield-chef-works-noire-xl\/"},"modified":"2026-02-18T09:53:23","modified_gmt":"2026-02-18T08:53:23","slug":"veste-de-cuisine-femme-zippee-legere-springfield-chef-works-noire-xl","status":"publish","type":"product","link":"https:\/\/abinox-chr-clim.com\/index.php\/product\/veste-de-cuisine-femme-zippee-legere-springfield-chef-works-noire-xl\/","title":{"rendered":"Veste de cuisine femme zipp\u00e9e l\u00e9g\u00e8re Springfield Chef Works noire XL"},"content":{"rendered":"<p>Panneaux en tissu extensible pour permettre la libert\u00e9 de mouvement sans nuire \u00e0 la coupe f\u00e9minine. La patte au cou maintiendra votre tablier solidement en place pour l&#8217;emp\u00eacher de glisser et de vous g\u00eaner dans vos t\u00e2ches. Les deux poches sur les manches sont sp\u00e9cialement con\u00e7ues pour contenir un thermom\u00e8tre et d&rsquo;autres objets essentiels.<br \/>. Poches thermom\u00e8tre manche gauche et t\u00e9l\u00e9phone manche droite. Fermeture \u00e0 glissi\u00e8re. Fentes lat\u00e9rales pour le confort et l&rsquo;ajustement. Patte au cou pour le tablier. Panneaux Cool Vent. Manches courtes. Pas de broderie disponible sur ce produit. Coupe slim. .<\/p>\n<p>Caract\u00e9ristiques :<br \/> Tour de poitrine : 117cm-122cm.<br \/> Mati\u00e8re : 65% polyester 35% coton.<br \/> Poids du tissu : 130g\/m\u00b2.<br \/> Couleur : Noir.<\/p>\n","protected":false},"excerpt":{"rendered":"<p>Veste de cuisine femme zipp\u00e9e l\u00e9g\u00e8re Springfield Chef Works noire XL<\/p>\n","protected":false},"featured_media":76849,"comment_status":"closed","ping_status":"closed","template":"","meta":[],"product_brand":[],"product_cat":[1297,1262,1268,1257],"product_tag":[],"class_list":{"0":"post-72969","1":"product","2":"type-product","3":"status-publish","4":"has-post-thumbnail","6":"product_cat-non-palettisable","7":"product_cat-tenues-de-cuisine","8":"product_cat-vestes-de-cuisine","9":"product_cat-vetements-et-chaussures","10":"product_shipping_class-free-shipping","12":"first","13":"outofstock","14":"featured","15":"taxable","16":"shipping-taxable","17":"purchasable","18":"product-type-simple"},"_links":{"self":[{"href":"https:\/\/abinox-chr-clim.com\/index.php\/wp-json\/wp\/v2\/product\/72969","targetHints":{"allow":["GET"]}}],"collection":[{"href":"https:\/\/abinox-chr-clim.com\/index.php\/wp-json\/wp\/v2\/product"}],"about":[{"href":"https:\/\/abinox-chr-clim.com\/index.php\/wp-json\/wp\/v2\/types\/product"}],"replies":[{"embeddable":true,"href":"https:\/\/abinox-chr-clim.com\/index.php\/wp-json\/wp\/v2\/comments?post=72969"}],"wp:featuredmedia":[{"embeddable":true,"href":"https:\/\/abinox-chr-clim.com\/index.php\/wp-json\/wp\/v2\/media\/76849"}],"wp:attachment":[{"href":"https:\/\/abinox-chr-clim.com\/index.php\/wp-json\/wp\/v2\/media?parent=72969"}],"wp:term":[{"taxonomy":"product_brand","embeddable":true,"href":"https:\/\/abinox-chr-clim.com\/index.php\/wp-json\/wp\/v2\/product_brand?post=72969"},{"taxonomy":"product_cat","embeddable":true,"href":"https:\/\/abinox-chr-clim.com\/index.php\/wp-json\/wp\/v2\/product_cat?post=72969"},{"taxonomy":"product_tag","embeddable":true,"href":"https:\/\/abinox-chr-clim.com\/index.php\/wp-json\/wp\/v2\/product_tag?post=72969"}],"curies":[{"name":"wp","href":"https:\/\/api.w.org\/{rel}","templated":true}]}}