{"id":72964,"date":"2024-03-22T23:20:34","date_gmt":"2024-03-22T22:20:34","guid":{"rendered":"https:\/\/abinox-chr-clim.com\/index.php\/product\/veste-de-cuisine-blanche-a-manches-courtes-southside-s\/"},"modified":"2026-03-16T12:10:26","modified_gmt":"2026-03-16T11:10:26","slug":"veste-de-cuisine-blanche-a-manches-courtes-southside-s","status":"publish","type":"product","link":"https:\/\/abinox-chr-clim.com\/index.php\/product\/veste-de-cuisine-blanche-a-manches-courtes-southside-s\/","title":{"rendered":"Veste de cuisine blanche \u00e0 manches courtes Southside S"},"content":{"rendered":"<p>Trouvez l&rsquo;\u00e9quilibre entre confort, fonctionnalit\u00e9 et style. Cette veste est adapt\u00e9e \u00e0 une utilisation en salle et en cuisine gr\u00e2ce \u00e0 sa coupe ajust\u00e9e et ses panneaux de circulation d&rsquo;air. Fermeture rapide par boutons pression.<br \/>Panneaux Cool Vent assurant une bonne circulation de l&rsquo;air. Coupe cintr\u00e9e pour un style professionnel et sophistiqu\u00e9. D\u00e9tails contrast\u00e9s apportant un style unique \u00e0 votre service. Poche thermom\u00e8tre ou cuill\u00e8re de d\u00e9gustation sur la manche gauche permettant de garder les ustensiles de cuisine \u00e0 port\u00e9e de main. Couleur blanche pour un aspect classique et \u00e9l\u00e9gant. Coupe unisexe permettant une utilisation par l&rsquo;ensemble du personnel. Manches courtes pour rester au frais. Le polycoton assure une excellente r\u00e9sistance et durabilit\u00e9. Patte pour tablier \u00e0 l&rsquo;arri\u00e8re du cou assurant le maintien. Manches retroussables avec maintien par bouton pression. Le m\u00e9lange polyester et coton permet un lavage simple et un s\u00e9chage rapide apr\u00e8s une journ\u00e9e de travail intense. Panneaux Cool Vent assurant une bonne circulation de l&rsquo;air.<\/p>\n<p>Caract\u00e9ristiques :<br \/> Mati\u00e8re : Polycoton.<br \/> Poids du tissu : 190g\/m\u00b2.<br \/> Couleur : Blanc.<\/p>\n","protected":false},"excerpt":{"rendered":"<p>Veste de cuisine blanche \u00e0 manches courtes Southside S<\/p>\n","protected":false},"featured_media":76518,"comment_status":"closed","ping_status":"closed","template":"","meta":[],"product_brand":[],"product_cat":[1297,1262,1268,1257],"product_tag":[],"class_list":{"0":"post-72964","1":"product","2":"type-product","3":"status-publish","4":"has-post-thumbnail","6":"product_cat-non-palettisable","7":"product_cat-tenues-de-cuisine","8":"product_cat-vestes-de-cuisine","9":"product_cat-vetements-et-chaussures","10":"product_shipping_class-free-shipping","12":"first","13":"outofstock","14":"featured","15":"taxable","16":"shipping-taxable","17":"purchasable","18":"product-type-simple"},"_links":{"self":[{"href":"https:\/\/abinox-chr-clim.com\/index.php\/wp-json\/wp\/v2\/product\/72964","targetHints":{"allow":["GET"]}}],"collection":[{"href":"https:\/\/abinox-chr-clim.com\/index.php\/wp-json\/wp\/v2\/product"}],"about":[{"href":"https:\/\/abinox-chr-clim.com\/index.php\/wp-json\/wp\/v2\/types\/product"}],"replies":[{"embeddable":true,"href":"https:\/\/abinox-chr-clim.com\/index.php\/wp-json\/wp\/v2\/comments?post=72964"}],"wp:featuredmedia":[{"embeddable":true,"href":"https:\/\/abinox-chr-clim.com\/index.php\/wp-json\/wp\/v2\/media\/76518"}],"wp:attachment":[{"href":"https:\/\/abinox-chr-clim.com\/index.php\/wp-json\/wp\/v2\/media?parent=72964"}],"wp:term":[{"taxonomy":"product_brand","embeddable":true,"href":"https:\/\/abinox-chr-clim.com\/index.php\/wp-json\/wp\/v2\/product_brand?post=72964"},{"taxonomy":"product_cat","embeddable":true,"href":"https:\/\/abinox-chr-clim.com\/index.php\/wp-json\/wp\/v2\/product_cat?post=72964"},{"taxonomy":"product_tag","embeddable":true,"href":"https:\/\/abinox-chr-clim.com\/index.php\/wp-json\/wp\/v2\/product_tag?post=72964"}],"curies":[{"name":"wp","href":"https:\/\/api.w.org\/{rel}","templated":true}]}}