{"id":72958,"date":"2024-03-22T23:20:31","date_gmt":"2024-03-22T22:20:31","guid":{"rendered":"https:\/\/abinox-chr-clim.com\/index.php\/product\/veste-de-cuisine-mixte-blanche-a-manches-longues-chef-works-calgary-cool-vents-s\/"},"modified":"2026-04-02T09:40:26","modified_gmt":"2026-04-02T07:40:26","slug":"veste-de-cuisine-mixte-blanche-a-manches-longues-chef-works-calgary-cool-vents-s","status":"publish","type":"product","link":"https:\/\/abinox-chr-clim.com\/index.php\/product\/veste-de-cuisine-mixte-blanche-a-manches-longues-chef-works-calgary-cool-vents-s\/","title":{"rendered":"Veste de cuisine mixte blanche \u00e0 manches longues Chef Works Calgary Cool Vents S"},"content":{"rendered":"<p>Restez au frais malgr\u00e9 le coup de feu avec cette veste mixte en polyester-coton. L\u00e9g\u00e8re, confortable et respirante gr\u00e2ce \u00e0 sa technologie Cool Vent \u00bf, cette veste r\u00e9sistante reste agr\u00e9able \u00e0 porter pendant les longues p\u00e9riodes de travail, vous permettant ainsi de vous surpasser lorsque la pression monte.<br \/>Boutons recouverts de tissu. Poches thermom\u00e8tre et poitrine \u00e0 gauche. Double boutonnage. Manches \u00e0 revers. Empi\u00e8cement dos Cool Vent&#7488;&#7481;. Coupe unisexe. Tissu l\u00e9ger (130 g\/m\u00b2). Manches longues. Lavage \u00e0 40\u00b0. Pas de broderie disponible sur ce produit. Coupe classique. Boutons recouverts de tissu.<\/p>\n<p>Caract\u00e9ristiques :<br \/> Dimensions : Tour de poitrine 92cm-97cm.<br \/> Mati\u00e8re : 65% polyester 35% coton.<br \/> Poids du tissu : 130g\/m\u00b2.<br \/> Couleur : Blanc.<\/p>\n","protected":false},"excerpt":{"rendered":"<p>Veste de cuisine mixte blanche \u00e0 manches longues Chef Works Calgary Cool Vents S<\/p>\n","protected":false},"featured_media":76240,"comment_status":"closed","ping_status":"closed","template":"","meta":[],"product_brand":[],"product_cat":[1297,1262,1268,1257],"product_tag":[],"class_list":{"0":"post-72958","1":"product","2":"type-product","3":"status-publish","4":"has-post-thumbnail","6":"product_cat-non-palettisable","7":"product_cat-tenues-de-cuisine","8":"product_cat-vestes-de-cuisine","9":"product_cat-vetements-et-chaussures","10":"product_shipping_class-free-shipping","12":"first","13":"instock","14":"featured","15":"taxable","16":"shipping-taxable","17":"purchasable","18":"product-type-simple"},"_links":{"self":[{"href":"https:\/\/abinox-chr-clim.com\/index.php\/wp-json\/wp\/v2\/product\/72958","targetHints":{"allow":["GET"]}}],"collection":[{"href":"https:\/\/abinox-chr-clim.com\/index.php\/wp-json\/wp\/v2\/product"}],"about":[{"href":"https:\/\/abinox-chr-clim.com\/index.php\/wp-json\/wp\/v2\/types\/product"}],"replies":[{"embeddable":true,"href":"https:\/\/abinox-chr-clim.com\/index.php\/wp-json\/wp\/v2\/comments?post=72958"}],"wp:featuredmedia":[{"embeddable":true,"href":"https:\/\/abinox-chr-clim.com\/index.php\/wp-json\/wp\/v2\/media\/76240"}],"wp:attachment":[{"href":"https:\/\/abinox-chr-clim.com\/index.php\/wp-json\/wp\/v2\/media?parent=72958"}],"wp:term":[{"taxonomy":"product_brand","embeddable":true,"href":"https:\/\/abinox-chr-clim.com\/index.php\/wp-json\/wp\/v2\/product_brand?post=72958"},{"taxonomy":"product_cat","embeddable":true,"href":"https:\/\/abinox-chr-clim.com\/index.php\/wp-json\/wp\/v2\/product_cat?post=72958"},{"taxonomy":"product_tag","embeddable":true,"href":"https:\/\/abinox-chr-clim.com\/index.php\/wp-json\/wp\/v2\/product_tag?post=72958"}],"curies":[{"name":"wp","href":"https:\/\/api.w.org\/{rel}","templated":true}]}}