{"id":72943,"date":"2024-03-22T23:20:23","date_gmt":"2024-03-22T22:20:23","guid":{"rendered":"https:\/\/abinox-chr-clim.com\/index.php\/product\/veste-de-cuisine-mixte-cool-vent-chef-works-urban-springfield-noire-xl\/"},"modified":"2026-04-02T09:23:35","modified_gmt":"2026-04-02T07:23:35","slug":"veste-de-cuisine-mixte-cool-vent-chef-works-urban-springfield-noire-xl","status":"publish","type":"product","link":"https:\/\/abinox-chr-clim.com\/index.php\/product\/veste-de-cuisine-mixte-cool-vent-chef-works-urban-springfield-noire-xl\/","title":{"rendered":"Veste de cuisine mixte Cool Vent Chef Works Urban Springfield noire XL"},"content":{"rendered":"<p>Veste de cuisine mixte, noire ou blanche, avec fermeture \u00e9clair et patte au cou pour maintenir votre tablier fermement en place. Le tissu l\u00e9ger, les manches courtes et les panneaux lat\u00e9raux d&rsquo;a\u00e9ration vous permettront de conserver une sensation de frais et de confort toute la journ\u00e9e.<br \/>Fermeture \u00e9clair. Existe en noir et en blanc. 35% coton 65% polyester. Serg\u00e9 160g\/m\u00b2. Poche thermom\u00e8tre sur la manche gauche. Poche t\u00e9l\u00e9phone sur la manche droite. Fentes lat\u00e9rales pour un confort adapt\u00e9. Tailles S &#8211; XL.Fermeture \u00e9clair.<\/p>\n<p>Caract\u00e9ristiques :<br \/> Dimensions : 122-127cm.<br \/> Mati\u00e8re : 65% polyester 35% coton.<br \/> Poids du tissu : 160g\/m\u00b2.<br \/> Couleur : Noir.<\/p>\n","protected":false},"excerpt":{"rendered":"<p>Veste de cuisine mixte Cool Vent Chef Works Urban Springfield noire XL<\/p>\n","protected":false},"featured_media":76110,"comment_status":"closed","ping_status":"closed","template":"","meta":[],"product_brand":[],"product_cat":[1297,1262,1268,1257],"product_tag":[],"class_list":{"0":"post-72943","1":"product","2":"type-product","3":"status-publish","4":"has-post-thumbnail","6":"product_cat-non-palettisable","7":"product_cat-tenues-de-cuisine","8":"product_cat-vestes-de-cuisine","9":"product_cat-vetements-et-chaussures","10":"product_shipping_class-free-shipping","12":"first","13":"outofstock","14":"featured","15":"taxable","16":"shipping-taxable","17":"purchasable","18":"product-type-simple"},"_links":{"self":[{"href":"https:\/\/abinox-chr-clim.com\/index.php\/wp-json\/wp\/v2\/product\/72943","targetHints":{"allow":["GET"]}}],"collection":[{"href":"https:\/\/abinox-chr-clim.com\/index.php\/wp-json\/wp\/v2\/product"}],"about":[{"href":"https:\/\/abinox-chr-clim.com\/index.php\/wp-json\/wp\/v2\/types\/product"}],"replies":[{"embeddable":true,"href":"https:\/\/abinox-chr-clim.com\/index.php\/wp-json\/wp\/v2\/comments?post=72943"}],"wp:featuredmedia":[{"embeddable":true,"href":"https:\/\/abinox-chr-clim.com\/index.php\/wp-json\/wp\/v2\/media\/76110"}],"wp:attachment":[{"href":"https:\/\/abinox-chr-clim.com\/index.php\/wp-json\/wp\/v2\/media?parent=72943"}],"wp:term":[{"taxonomy":"product_brand","embeddable":true,"href":"https:\/\/abinox-chr-clim.com\/index.php\/wp-json\/wp\/v2\/product_brand?post=72943"},{"taxonomy":"product_cat","embeddable":true,"href":"https:\/\/abinox-chr-clim.com\/index.php\/wp-json\/wp\/v2\/product_cat?post=72943"},{"taxonomy":"product_tag","embeddable":true,"href":"https:\/\/abinox-chr-clim.com\/index.php\/wp-json\/wp\/v2\/product_tag?post=72943"}],"curies":[{"name":"wp","href":"https:\/\/api.w.org\/{rel}","templated":true}]}}