{"id":72933,"date":"2024-03-22T23:20:19","date_gmt":"2024-03-22T22:20:19","guid":{"rendered":"https:\/\/abinox-chr-clim.com\/index.php\/product\/veste-de-cuisine-whites-boston-manches-courtes-blanche-xl\/"},"modified":"2026-04-02T09:15:41","modified_gmt":"2026-04-02T07:15:41","slug":"veste-de-cuisine-whites-boston-manches-courtes-blanche-xl","status":"publish","type":"product","link":"https:\/\/abinox-chr-clim.com\/index.php\/product\/veste-de-cuisine-whites-boston-manches-courtes-blanche-xl\/","title":{"rendered":"Veste de cuisine Whites Boston manches courtes blanche XL"},"content":{"rendered":"<p>Veste de cuisine l\u00e9g\u00e8re \u00e0 manches courtes, b\u00e9n\u00e9ficiant d&rsquo;une coupe mixte pour plus de confort et une grande libert\u00e9 de mouvements. Fermeture pratique par boutons pression en acier inoxydable. Id\u00e9ale pour affronter la chaleur et l&rsquo;activit\u00e9 des cuisines professionnelles.<br \/>Boutons pression acier inoxydable. Manches courtes. Mixte. Tailles XS-XXL. Sans poche. Coupe d\u00e9contract\u00e9e, ample. La couleur blanche aide \u00e0 \u00e9vacuer la chaleur du corps.Boutons pression acier inoxydable.<\/p>\n<p>Caract\u00e9ristiques :<br \/> Tour de poitrine : 122-127cm.<br \/> Mati\u00e8re : Polycoton.<br \/> Poids du tissu : 190g\/m\u00b2.<br \/> Couleur : Blanc.<\/p>\n","protected":false},"excerpt":{"rendered":"<p>Veste de cuisine Whites Boston manches courtes blanche XL<\/p>\n","protected":false},"featured_media":75831,"comment_status":"closed","ping_status":"closed","template":"","meta":[],"product_brand":[],"product_cat":[1297,1262,1268,1257],"product_tag":[],"class_list":{"0":"post-72933","1":"product","2":"type-product","3":"status-publish","4":"has-post-thumbnail","6":"product_cat-non-palettisable","7":"product_cat-tenues-de-cuisine","8":"product_cat-vestes-de-cuisine","9":"product_cat-vetements-et-chaussures","10":"product_shipping_class-free-shipping","12":"first","13":"instock","14":"featured","15":"taxable","16":"shipping-taxable","17":"purchasable","18":"product-type-simple"},"_links":{"self":[{"href":"https:\/\/abinox-chr-clim.com\/index.php\/wp-json\/wp\/v2\/product\/72933","targetHints":{"allow":["GET"]}}],"collection":[{"href":"https:\/\/abinox-chr-clim.com\/index.php\/wp-json\/wp\/v2\/product"}],"about":[{"href":"https:\/\/abinox-chr-clim.com\/index.php\/wp-json\/wp\/v2\/types\/product"}],"replies":[{"embeddable":true,"href":"https:\/\/abinox-chr-clim.com\/index.php\/wp-json\/wp\/v2\/comments?post=72933"}],"wp:featuredmedia":[{"embeddable":true,"href":"https:\/\/abinox-chr-clim.com\/index.php\/wp-json\/wp\/v2\/media\/75831"}],"wp:attachment":[{"href":"https:\/\/abinox-chr-clim.com\/index.php\/wp-json\/wp\/v2\/media?parent=72933"}],"wp:term":[{"taxonomy":"product_brand","embeddable":true,"href":"https:\/\/abinox-chr-clim.com\/index.php\/wp-json\/wp\/v2\/product_brand?post=72933"},{"taxonomy":"product_cat","embeddable":true,"href":"https:\/\/abinox-chr-clim.com\/index.php\/wp-json\/wp\/v2\/product_cat?post=72933"},{"taxonomy":"product_tag","embeddable":true,"href":"https:\/\/abinox-chr-clim.com\/index.php\/wp-json\/wp\/v2\/product_tag?post=72933"}],"curies":[{"name":"wp","href":"https:\/\/api.w.org\/{rel}","templated":true}]}}