{"id":72916,"date":"2024-03-22T23:20:08","date_gmt":"2024-03-22T22:20:08","guid":{"rendered":"https:\/\/abinox-chr-clim.com\/index.php\/product\/veste-de-cuisine-mixte-cool-vent-chef-works-montreal-noire-s\/"},"modified":"2025-09-04T10:00:36","modified_gmt":"2025-09-04T08:00:36","slug":"veste-de-cuisine-mixte-cool-vent-chef-works-montreal-noire-s","status":"publish","type":"product","link":"https:\/\/abinox-chr-clim.com\/index.php\/product\/veste-de-cuisine-mixte-cool-vent-chef-works-montreal-noire-s\/","title":{"rendered":"Veste de cuisine mixte Cool Vent Chef Works Montreal noire S"},"content":{"rendered":"<p>Cette veste l\u00e9g\u00e8re \u00e0 manches courtes est con\u00e7ue pour apporter confort, style et permettre la circulation de l&rsquo;air. Tissu \u00e0 mailles fines avec panneaux coolvent dans le dos et aux \u00e9paules pour permettre \u00e0 la chaleur de s&rsquo;\u00e9loigner et \u00e0 l&rsquo;air frais de p\u00e9n\u00e9trer.<br \/>Boutons recouverts de tissu.Poche plaqu\u00e9e et poche thermom\u00e8tre \u00e0 gauche.Double boutonnage. Tissu Cool Vent #8482; empi\u00e8cement arri\u00e8re.Manches courtes. Coupe classique. Boutons recouverts de tissu. .<br \/> Caract\u00e9ristiques :<br \/> Mati\u00e8re : 65% polyester 35% coton.<br \/> Poids du tissu : 175g\/m\u00b2.<br \/> Couleur : Noir.<\/p>\n","protected":false},"excerpt":{"rendered":"<p>Veste de cuisine mixte Cool Vent Chef Works Montreal noire S<\/p>\n","protected":false},"featured_media":75311,"comment_status":"closed","ping_status":"closed","template":"","meta":[],"product_brand":[],"product_cat":[1297,1262,1268,1257],"product_tag":[],"class_list":{"0":"post-72916","1":"product","2":"type-product","3":"status-publish","4":"has-post-thumbnail","6":"product_cat-non-palettisable","7":"product_cat-tenues-de-cuisine","8":"product_cat-vestes-de-cuisine","9":"product_cat-vetements-et-chaussures","10":"product_shipping_class-free-shipping","12":"first","13":"outofstock","14":"featured","15":"taxable","16":"shipping-taxable","17":"purchasable","18":"product-type-simple"},"_links":{"self":[{"href":"https:\/\/abinox-chr-clim.com\/index.php\/wp-json\/wp\/v2\/product\/72916","targetHints":{"allow":["GET"]}}],"collection":[{"href":"https:\/\/abinox-chr-clim.com\/index.php\/wp-json\/wp\/v2\/product"}],"about":[{"href":"https:\/\/abinox-chr-clim.com\/index.php\/wp-json\/wp\/v2\/types\/product"}],"replies":[{"embeddable":true,"href":"https:\/\/abinox-chr-clim.com\/index.php\/wp-json\/wp\/v2\/comments?post=72916"}],"wp:featuredmedia":[{"embeddable":true,"href":"https:\/\/abinox-chr-clim.com\/index.php\/wp-json\/wp\/v2\/media\/75311"}],"wp:attachment":[{"href":"https:\/\/abinox-chr-clim.com\/index.php\/wp-json\/wp\/v2\/media?parent=72916"}],"wp:term":[{"taxonomy":"product_brand","embeddable":true,"href":"https:\/\/abinox-chr-clim.com\/index.php\/wp-json\/wp\/v2\/product_brand?post=72916"},{"taxonomy":"product_cat","embeddable":true,"href":"https:\/\/abinox-chr-clim.com\/index.php\/wp-json\/wp\/v2\/product_cat?post=72916"},{"taxonomy":"product_tag","embeddable":true,"href":"https:\/\/abinox-chr-clim.com\/index.php\/wp-json\/wp\/v2\/product_tag?post=72916"}],"curies":[{"name":"wp","href":"https:\/\/api.w.org\/{rel}","templated":true}]}}