{"id":72912,"date":"2024-03-22T23:20:06","date_gmt":"2024-03-22T22:20:06","guid":{"rendered":"https:\/\/abinox-chr-clim.com\/index.php\/product\/veste-de-cuisine-mixte-chef-works-grise-s\/"},"modified":"2026-04-02T08:25:42","modified_gmt":"2026-04-02T06:25:42","slug":"veste-de-cuisine-mixte-chef-works-grise-s","status":"publish","type":"product","link":"https:\/\/abinox-chr-clim.com\/index.php\/product\/veste-de-cuisine-mixte-chef-works-grise-s\/","title":{"rendered":"Veste de cuisine mixte Chef Works grise S"},"content":{"rendered":"<p>Apportez de la couleur en cuisine avec ces vestes crois\u00e9es pratiques aux couleurs vives, manches 3\/4 et en tissu serg\u00e9 fin. Conviennent en salle comme en cuisine. Poss\u00e8dent une poche poitrine et une poche thermom\u00e8tre \u00e0 gauche.<br \/>Boutons recouverts de tissu.Poche thermom\u00e8tre, poche poitrine plaqu\u00e9e \u00e0 gauche.Double boutonnage.Double boutonnage. Manches courtes. Tour de poitrine : 92 &#8211; 97cm. Boutons recouverts de tissu. .<br \/> Caract\u00e9ristiques :<br \/> Mati\u00e8re : 65% polyester 35% coton.<br \/> Poids du tissu : 175g\/m\u00b2.<br \/> Couleur : Gris.<\/p>\n","protected":false},"excerpt":{"rendered":"<p>Veste de cuisine mixte Chef Works grise S<\/p>\n","protected":false},"featured_media":75021,"comment_status":"closed","ping_status":"closed","template":"","meta":[],"product_brand":[],"product_cat":[1297,1262,1268,1257],"product_tag":[],"class_list":{"0":"post-72912","1":"product","2":"type-product","3":"status-publish","4":"has-post-thumbnail","6":"product_cat-non-palettisable","7":"product_cat-tenues-de-cuisine","8":"product_cat-vestes-de-cuisine","9":"product_cat-vetements-et-chaussures","10":"product_shipping_class-free-shipping","12":"first","13":"instock","14":"featured","15":"taxable","16":"shipping-taxable","17":"purchasable","18":"product-type-simple"},"_links":{"self":[{"href":"https:\/\/abinox-chr-clim.com\/index.php\/wp-json\/wp\/v2\/product\/72912","targetHints":{"allow":["GET"]}}],"collection":[{"href":"https:\/\/abinox-chr-clim.com\/index.php\/wp-json\/wp\/v2\/product"}],"about":[{"href":"https:\/\/abinox-chr-clim.com\/index.php\/wp-json\/wp\/v2\/types\/product"}],"replies":[{"embeddable":true,"href":"https:\/\/abinox-chr-clim.com\/index.php\/wp-json\/wp\/v2\/comments?post=72912"}],"wp:featuredmedia":[{"embeddable":true,"href":"https:\/\/abinox-chr-clim.com\/index.php\/wp-json\/wp\/v2\/media\/75021"}],"wp:attachment":[{"href":"https:\/\/abinox-chr-clim.com\/index.php\/wp-json\/wp\/v2\/media?parent=72912"}],"wp:term":[{"taxonomy":"product_brand","embeddable":true,"href":"https:\/\/abinox-chr-clim.com\/index.php\/wp-json\/wp\/v2\/product_brand?post=72912"},{"taxonomy":"product_cat","embeddable":true,"href":"https:\/\/abinox-chr-clim.com\/index.php\/wp-json\/wp\/v2\/product_cat?post=72912"},{"taxonomy":"product_tag","embeddable":true,"href":"https:\/\/abinox-chr-clim.com\/index.php\/wp-json\/wp\/v2\/product_tag?post=72912"}],"curies":[{"name":"wp","href":"https:\/\/api.w.org\/{rel}","templated":true}]}}