{"id":72909,"date":"2024-03-22T23:20:05","date_gmt":"2024-03-22T22:20:05","guid":{"rendered":"https:\/\/abinox-chr-clim.com\/index.php\/product\/veste-de-cuisine-mixte-whites-nevada-blanche-xxl\/"},"modified":"2025-06-30T10:29:40","modified_gmt":"2025-06-30T08:29:40","slug":"veste-de-cuisine-mixte-whites-nevada-blanche-xxl","status":"publish","type":"product","link":"https:\/\/abinox-chr-clim.com\/index.php\/product\/veste-de-cuisine-mixte-whites-nevada-blanche-xxl\/","title":{"rendered":"Veste de cuisine mixte Whites Nevada blanche XXL"},"content":{"rendered":"<p>Veste de cuisine l\u00e9g\u00e8re \u00e0 manches courtes garnie d&rsquo;un contraste noir \u00e9l\u00e9gant. Les panneaux lat\u00e9raux anti-humidit\u00e9 sont con\u00e7us pour faire circuler l&rsquo;air et permettre d&rsquo;\u00e9vacuer la chaleur du corps, pour une sensation fra\u00eeche et s\u00e8che malgr\u00e9 la chaleur r\u00e8gnant en cuisine.<br \/>Les fermetures \u00e0 boutons-poussoirs en acier inoxydable assurent un maintien s\u00fbr. Les panneaux d&rsquo;\u00e9vacuation de l&rsquo;humidit\u00e9 permettent au personnel de rester au frais et \u00e0 l&rsquo;aise. La poche pour thermom\u00e8tre ou cuill\u00e8re de d\u00e9gustation sur la manche gauche permet de garder le mat\u00e9riel de cuisine \u00e0 port\u00e9e de main. Le coloris blanc donne un aspect classique et sophistiqu\u00e9. Les manches courtes permettent au personnel de rester au frais. Les panneaux contrast\u00e9s stylis\u00e9s donnent un aspect unique \u00e0 votre service. La fabrication en polycoton offre une excellente durabilit\u00e9.Les fermetures \u00e0 boutons-poussoirs en acier inoxydable assurent un maintien s\u00fbr.<\/p>\n<p>Caract\u00e9ristiques :<br \/> Tour de poitrine : 132-137cm.<br \/> Mati\u00e8re : Polycoton.<br \/> Poids du tissu : 190g\/m\u00b2.<br \/> Couleur : Blanc.<\/p>\n","protected":false},"excerpt":{"rendered":"<p>Veste de cuisine mixte Whites Nevada blanche XXL<\/p>\n","protected":false},"featured_media":74924,"comment_status":"closed","ping_status":"closed","template":"","meta":[],"product_brand":[],"product_cat":[1297,1262,1268,1257],"product_tag":[],"class_list":{"0":"post-72909","1":"product","2":"type-product","3":"status-publish","4":"has-post-thumbnail","6":"product_cat-non-palettisable","7":"product_cat-tenues-de-cuisine","8":"product_cat-vestes-de-cuisine","9":"product_cat-vetements-et-chaussures","10":"product_shipping_class-free-shipping","12":"first","13":"outofstock","14":"featured","15":"taxable","16":"shipping-taxable","17":"purchasable","18":"product-type-simple"},"_links":{"self":[{"href":"https:\/\/abinox-chr-clim.com\/index.php\/wp-json\/wp\/v2\/product\/72909","targetHints":{"allow":["GET"]}}],"collection":[{"href":"https:\/\/abinox-chr-clim.com\/index.php\/wp-json\/wp\/v2\/product"}],"about":[{"href":"https:\/\/abinox-chr-clim.com\/index.php\/wp-json\/wp\/v2\/types\/product"}],"replies":[{"embeddable":true,"href":"https:\/\/abinox-chr-clim.com\/index.php\/wp-json\/wp\/v2\/comments?post=72909"}],"wp:featuredmedia":[{"embeddable":true,"href":"https:\/\/abinox-chr-clim.com\/index.php\/wp-json\/wp\/v2\/media\/74924"}],"wp:attachment":[{"href":"https:\/\/abinox-chr-clim.com\/index.php\/wp-json\/wp\/v2\/media?parent=72909"}],"wp:term":[{"taxonomy":"product_brand","embeddable":true,"href":"https:\/\/abinox-chr-clim.com\/index.php\/wp-json\/wp\/v2\/product_brand?post=72909"},{"taxonomy":"product_cat","embeddable":true,"href":"https:\/\/abinox-chr-clim.com\/index.php\/wp-json\/wp\/v2\/product_cat?post=72909"},{"taxonomy":"product_tag","embeddable":true,"href":"https:\/\/abinox-chr-clim.com\/index.php\/wp-json\/wp\/v2\/product_tag?post=72909"}],"curies":[{"name":"wp","href":"https:\/\/api.w.org\/{rel}","templated":true}]}}