{"id":72904,"date":"2024-03-22T23:20:03","date_gmt":"2024-03-22T22:20:03","guid":{"rendered":"https:\/\/abinox-chr-clim.com\/index.php\/product\/veste-chef-unisexe-chef-works-executive-capri-blanche-eu56\/"},"modified":"2026-04-02T08:23:05","modified_gmt":"2026-04-02T06:23:05","slug":"veste-chef-unisexe-chef-works-executive-capri-blanche-eu56","status":"publish","type":"product","link":"https:\/\/abinox-chr-clim.com\/index.php\/product\/veste-chef-unisexe-chef-works-executive-capri-blanche-eu56\/","title":{"rendered":"Veste chef unisexe Chef Works Executive Capri blanche EU56"},"content":{"rendered":"<p>Ces vestes crois\u00e9es 100% coton \u00e9gyptien poss\u00e8dent de nombreux avantages pratiques, ainsi que des boutons en tissu faits main et une poche thermom\u00e8tre. Elle sont fonctionnelles et lavables en blanchisserie industrielle, tout en \u00e9tant luxueuses.<br \/>Boutons tissu faits main.Poche poitrine et poche thermom\u00e8tre \u00e0 gauche.Crois\u00e9e. Les \u00e9vents sous les bras apportent un excellent flux d&rsquo;air et une r\u00e9gulation de la temp\u00e9rature. Manches courtes \u00e9l\u00e9gantes. Fibre de coton \u00e9gyptien extra solide pour une meilleure ventilation et durabilit\u00e9. Manches courtes.Coupe classique. Boutons tissu faits main. .<br \/> Caract\u00e9ristiques :<br \/> Mati\u00e8re : 100% coton.<br \/> Poids du tissu : 180g\/m\u00b2.<br \/> Couleur : Blanc.<\/p>\n","protected":false},"excerpt":{"rendered":"<p>Veste chef unisexe Chef Works Executive Capri blanche EU56<\/p>\n","protected":false},"featured_media":74905,"comment_status":"closed","ping_status":"closed","template":"","meta":[],"product_brand":[],"product_cat":[1297,1262,1268,1257],"product_tag":[],"class_list":{"0":"post-72904","1":"product","2":"type-product","3":"status-publish","4":"has-post-thumbnail","6":"product_cat-non-palettisable","7":"product_cat-tenues-de-cuisine","8":"product_cat-vestes-de-cuisine","9":"product_cat-vetements-et-chaussures","10":"product_shipping_class-free-shipping","12":"first","13":"instock","14":"featured","15":"taxable","16":"shipping-taxable","17":"purchasable","18":"product-type-simple"},"_links":{"self":[{"href":"https:\/\/abinox-chr-clim.com\/index.php\/wp-json\/wp\/v2\/product\/72904","targetHints":{"allow":["GET"]}}],"collection":[{"href":"https:\/\/abinox-chr-clim.com\/index.php\/wp-json\/wp\/v2\/product"}],"about":[{"href":"https:\/\/abinox-chr-clim.com\/index.php\/wp-json\/wp\/v2\/types\/product"}],"replies":[{"embeddable":true,"href":"https:\/\/abinox-chr-clim.com\/index.php\/wp-json\/wp\/v2\/comments?post=72904"}],"wp:featuredmedia":[{"embeddable":true,"href":"https:\/\/abinox-chr-clim.com\/index.php\/wp-json\/wp\/v2\/media\/74905"}],"wp:attachment":[{"href":"https:\/\/abinox-chr-clim.com\/index.php\/wp-json\/wp\/v2\/media?parent=72904"}],"wp:term":[{"taxonomy":"product_brand","embeddable":true,"href":"https:\/\/abinox-chr-clim.com\/index.php\/wp-json\/wp\/v2\/product_brand?post=72904"},{"taxonomy":"product_cat","embeddable":true,"href":"https:\/\/abinox-chr-clim.com\/index.php\/wp-json\/wp\/v2\/product_cat?post=72904"},{"taxonomy":"product_tag","embeddable":true,"href":"https:\/\/abinox-chr-clim.com\/index.php\/wp-json\/wp\/v2\/product_tag?post=72904"}],"curies":[{"name":"wp","href":"https:\/\/api.w.org\/{rel}","templated":true}]}}