{"id":72900,"date":"2024-03-22T23:20:01","date_gmt":"2024-03-22T22:20:01","guid":{"rendered":"https:\/\/abinox-chr-clim.com\/index.php\/product\/veste-de-cuisine-mixte-blanche-chef-works-montreal-cool-vent-m\/"},"modified":"2026-04-02T08:25:37","modified_gmt":"2026-04-02T06:25:37","slug":"veste-de-cuisine-mixte-blanche-chef-works-montreal-cool-vent-m","status":"publish","type":"product","link":"https:\/\/abinox-chr-clim.com\/index.php\/product\/veste-de-cuisine-mixte-blanche-chef-works-montreal-cool-vent-m\/","title":{"rendered":"Veste de cuisine mixte blanche Chef Works Montreal Cool Vent M"},"content":{"rendered":"<p>Sensation de confort et de bien-\u00eatre avec cette veste en polyester-coton l\u00e9ger a\u00e9r\u00e9. Le tissu CoolVent dans le dos et aux \u00e9paules permettent \u00e0 l&rsquo;air frais de p\u00e9n\u00e9trer et \u00e0 la chaleur et l&rsquo;humidit\u00e9 de s&rsquo;\u00e9vacuer.<br \/>Boutons recouverts de tissu. Poche de thermom\u00e8tre, poche plaqu\u00e9e sur la poitrine gauche. Double boutonnage. Cool Vent&#8482; empi\u00e8cement au dos.Manches courtes. Coupe classique. Boutons recouverts de tissu.<\/p>\n<p>Caract\u00e9ristiques :<br \/> Mati\u00e8re : Polycoton.<br \/> Poids du tissu : 130g\/m\u00b2.<br \/> Couleur : Blanc.<\/p>\n","protected":false},"excerpt":{"rendered":"<p>Veste de cuisine mixte blanche Chef Works Montreal Cool Vent M<\/p>\n","protected":false},"featured_media":74845,"comment_status":"closed","ping_status":"closed","template":"","meta":[],"product_brand":[],"product_cat":[1297,1262,1268,1257],"product_tag":[],"class_list":{"0":"post-72900","1":"product","2":"type-product","3":"status-publish","4":"has-post-thumbnail","6":"product_cat-non-palettisable","7":"product_cat-tenues-de-cuisine","8":"product_cat-vestes-de-cuisine","9":"product_cat-vetements-et-chaussures","10":"product_shipping_class-free-shipping","12":"first","13":"instock","14":"featured","15":"taxable","16":"shipping-taxable","17":"purchasable","18":"product-type-simple"},"_links":{"self":[{"href":"https:\/\/abinox-chr-clim.com\/index.php\/wp-json\/wp\/v2\/product\/72900","targetHints":{"allow":["GET"]}}],"collection":[{"href":"https:\/\/abinox-chr-clim.com\/index.php\/wp-json\/wp\/v2\/product"}],"about":[{"href":"https:\/\/abinox-chr-clim.com\/index.php\/wp-json\/wp\/v2\/types\/product"}],"replies":[{"embeddable":true,"href":"https:\/\/abinox-chr-clim.com\/index.php\/wp-json\/wp\/v2\/comments?post=72900"}],"wp:featuredmedia":[{"embeddable":true,"href":"https:\/\/abinox-chr-clim.com\/index.php\/wp-json\/wp\/v2\/media\/74845"}],"wp:attachment":[{"href":"https:\/\/abinox-chr-clim.com\/index.php\/wp-json\/wp\/v2\/media?parent=72900"}],"wp:term":[{"taxonomy":"product_brand","embeddable":true,"href":"https:\/\/abinox-chr-clim.com\/index.php\/wp-json\/wp\/v2\/product_brand?post=72900"},{"taxonomy":"product_cat","embeddable":true,"href":"https:\/\/abinox-chr-clim.com\/index.php\/wp-json\/wp\/v2\/product_cat?post=72900"},{"taxonomy":"product_tag","embeddable":true,"href":"https:\/\/abinox-chr-clim.com\/index.php\/wp-json\/wp\/v2\/product_tag?post=72900"}],"curies":[{"name":"wp","href":"https:\/\/api.w.org\/{rel}","templated":true}]}}