{"id":72892,"date":"2024-03-22T23:19:55","date_gmt":"2024-03-22T22:19:55","guid":{"rendered":"https:\/\/abinox-chr-clim.com\/index.php\/product\/veste-de-cuisine-mixte-whites-vegas-manches-courtes-noire-3xl\/"},"modified":"2026-04-02T10:01:08","modified_gmt":"2026-04-02T08:01:08","slug":"veste-de-cuisine-mixte-whites-vegas-manches-courtes-noire-3xl","status":"publish","type":"product","link":"https:\/\/abinox-chr-clim.com\/index.php\/product\/veste-de-cuisine-mixte-whites-vegas-manches-courtes-noire-3xl\/","title":{"rendered":"Veste de cuisine mixte Whites Vegas manches courtes noire 3XL"},"content":{"rendered":"<p>Vestes de cuisine mixtes, simples, durables et confortables offrant un excellent rapport qualit\u00e9 \/ prix et des performances sup\u00e9rieures dans tout environnement de cuisine. Forme crois\u00e9e avec des coutures doubles solides.<br \/>Le mat\u00e9riau en polycoton est r\u00e9sistant et facile \u00e0 entretenir. Fermeture \u00e0 boutons pression en acier inoxydable. Les coutures doubles aident \u00e0 pr\u00e9venir les d\u00e9chirures ou les trous. La couleur noire rend moins visibles les taches ind\u00e9sirables. Le coloris noir offre un style \u00e9l\u00e9gant parfait pour les cuisines ouvertes. Design \u00e0 double boutonnage offrant une protection suppl\u00e9mentaire contre les br\u00fblures. Le double boutonnage permet \u00e0 la veste d&rsquo;\u00eatre mise \u00e0 l&rsquo;envers pour cacher les taches. Le design \u00e0 manches courtes am\u00e9liore la circulation de l&rsquo;air. La coupe unisexe permet une utilisation avec tout le personnel. Nettoyage simple, adapt\u00e9 au blanchissage commercial. Le mat\u00e9riau en polycoton est r\u00e9sistant et facile \u00e0 entretenir.<\/p>\n<p>Caract\u00e9ristiques :<br \/> Tour de poitrine : 142-147cm.<br \/> Mati\u00e8re : Polycoton.<br \/> Poids du tissu : 235g\/m\u00b2.<br \/> Couleur : Noir.<\/p>\n","protected":false},"excerpt":{"rendered":"<p>Veste de cuisine mixte Whites Vegas manches courtes noire 3XL<\/p>\n","protected":false},"featured_media":73819,"comment_status":"closed","ping_status":"closed","template":"","meta":[],"product_brand":[],"product_cat":[1297,1262,1268,1257],"product_tag":[],"class_list":{"0":"post-72892","1":"product","2":"type-product","3":"status-publish","4":"has-post-thumbnail","6":"product_cat-non-palettisable","7":"product_cat-tenues-de-cuisine","8":"product_cat-vestes-de-cuisine","9":"product_cat-vetements-et-chaussures","10":"product_shipping_class-free-shipping","12":"first","13":"instock","14":"featured","15":"taxable","16":"shipping-taxable","17":"purchasable","18":"product-type-simple"},"_links":{"self":[{"href":"https:\/\/abinox-chr-clim.com\/index.php\/wp-json\/wp\/v2\/product\/72892","targetHints":{"allow":["GET"]}}],"collection":[{"href":"https:\/\/abinox-chr-clim.com\/index.php\/wp-json\/wp\/v2\/product"}],"about":[{"href":"https:\/\/abinox-chr-clim.com\/index.php\/wp-json\/wp\/v2\/types\/product"}],"replies":[{"embeddable":true,"href":"https:\/\/abinox-chr-clim.com\/index.php\/wp-json\/wp\/v2\/comments?post=72892"}],"wp:featuredmedia":[{"embeddable":true,"href":"https:\/\/abinox-chr-clim.com\/index.php\/wp-json\/wp\/v2\/media\/73819"}],"wp:attachment":[{"href":"https:\/\/abinox-chr-clim.com\/index.php\/wp-json\/wp\/v2\/media?parent=72892"}],"wp:term":[{"taxonomy":"product_brand","embeddable":true,"href":"https:\/\/abinox-chr-clim.com\/index.php\/wp-json\/wp\/v2\/product_brand?post=72892"},{"taxonomy":"product_cat","embeddable":true,"href":"https:\/\/abinox-chr-clim.com\/index.php\/wp-json\/wp\/v2\/product_cat?post=72892"},{"taxonomy":"product_tag","embeddable":true,"href":"https:\/\/abinox-chr-clim.com\/index.php\/wp-json\/wp\/v2\/product_tag?post=72892"}],"curies":[{"name":"wp","href":"https:\/\/api.w.org\/{rel}","templated":true}]}}